{"id":454989,"date":"2026-05-11T22:19:34","date_gmt":"2026-05-11T20:19:34","guid":{"rendered":"https:\/\/moto.andreanigroup.com\/product\/questa-versione-della-forcella-anteriore-della-serie-la-fgr-266-e-progettata-per-la-ducati-panigale-v4-modelli-dal-2020-in-poi\/"},"modified":"2026-05-11T22:19:35","modified_gmt":"2026-05-11T20:19:35","slug":"questa-versione-della-forcella-anteriore-della-serie-la-fgr-266-e-progettata-per-la-ducati-panigale-v4-modelli-dal-2020-in-poi","status":"publish","type":"product","link":"https:\/\/moto.andreanigroup.com\/en\/product\/questa-versione-della-forcella-anteriore-della-serie-la-fgr-266-e-progettata-per-la-ducati-panigale-v4-modelli-dal-2020-in-poi\/","title":{"rendered":"Questa versione della forcella anteriore della serie La FGR 266, \u00e8 progettata per la Ducati Panigale V4, modelli dal 2020 in poi."},"content":{"rendered":"<div>Sviluppata direttamente sulla base della tecnologia del Campionato Mondiale Superbike, la forcella anteriore della serie FGR 260 \u00e8 pensata per i motociclisti pi\u00f9 esigenti che cercano il massimo in termini di personalizzazione e prestazioni. Grazie al suo design modernizzato e agli aggiornamenti da competizione, offre controllo, sensibilit\u00e0 e sicurezza eccezionali ogni volta che scendi in pista.<\/div>\n<div>Questa versione della forcella anteriore della serie FGR 260, la FGR 266, \u00e8 progettata per la Ducati Panigale V4, modelli dal 2020 in poi. <\/div>\n<div>Basata su un sistema di smorzamento a molla pressurizzata a bassissimo attrito, la FGR 266 \u00e8 progettata per offrirti caratteristiche di smorzamento controllate e affidabili, anche nelle condizioni di pista pi\u00f9 estreme. Con una semplice rotazione di una manopola, hai la possibilit\u00e0 di mettere a punto l&#8217;avantreno della tua moto per un&#8217;esperienza da competizione adattata al tuo stile di guida. <\/div>\n<div>Per rendere la regolazione ancora pi\u00f9 semplice, l&#8217;FGR 266 \u00e8 dotato di anelli di guida magnetici, che sollevano il tubo di precarico mentre si rimuove la molla. La forcella presenta inoltre tappi superiori ispirati alla MotoGP, con un clic di conferma ogni mezzo giro durante la regolazione del precarico per una precisione millimetrica. <\/div>\n<div>Si tratta di una tecnologia collaudata in gara, messa a punto da te. Sblocca tutto il potenziale della tua Panigale e prova l&#8217;adrenalina pura delle gare del Campionato Mondiale Superbike.<\/div>\n<div>&nbsp;<\/div>\n<div>Caratteristiche<\/div>\n<div>Basata sulla tecnologia del Campionato Mondiale Superbike<\/div>\n<div>Nuovo design dei tappi superiori ispirato alla MotoGP<\/div>\n<div>Clic di conferma ogni mezzo giro durante la regolazione del precarico<\/div>\n<div>Gli anelli di guida magnetici sollevano il tubo di precarico mentre si rimuove la molla<\/div>\n<div>I manicotti di guida pi\u00f9 leggeri in stile MotoGP riducono il peso<\/div>\n<div>Include componenti per regolare la corsa a 130 mm.<\/div>\n","protected":false},"excerpt":{"rendered":"<p>Sviluppata direttamente sulla base della tecnologia del Campionato Mondiale Superbike, la forcella anteriore della serie FGR 260 \u00e8 pensata per i motociclisti pi\u00f9 esigenti che cercano il massimo in termini di personalizzazione e prestazioni. Grazie al suo design modernizzato e agli aggiornamenti da competizione, offre controllo, sensibilit\u00e0 e sicurezza eccezionali ogni volta che scendi in [&hellip;]<\/p>\n","protected":false},"featured_media":454990,"template":"","meta":{"inline_featured_image":false},"product_cat":[75],"product_tag":[70],"class_list":{"0":"post-454989","1":"product","2":"type-product","3":"status-publish","4":"has-post-thumbnail","6":"product_brand-ohlins","7":"product_cat-forcelle","8":"product_tag-ohlins","10":"first","11":"instock","12":"taxable","13":"shipping-taxable","14":"purchasable","15":"product-type-simple"},"yoast_head":"<!-- This site is optimized with the Yoast SEO plugin v27.0 - https:\/\/yoast.com\/product\/yoast-seo-wordpress\/ -->\n<title>Questa versione della forcella anteriore della serie La FGR 266, \u00e8 progettata per la Ducati Panigale V4, modelli dal 2020 in poi. - Andreani moto<\/title>\n<meta name=\"robots\" content=\"index, follow, max-snippet:-1, max-image-preview:large, max-video-preview:-1\" \/>\n<link rel=\"canonical\" href=\"https:\/\/moto.andreanigroup.com\/en\/product\/questa-versione-della-forcella-anteriore-della-serie-la-fgr-266-e-progettata-per-la-ducati-panigale-v4-modelli-dal-2020-in-poi\/\" \/>\n<meta property=\"og:locale\" content=\"en_US\" \/>\n<meta property=\"og:type\" content=\"article\" \/>\n<meta property=\"og:title\" content=\"Questa versione della forcella anteriore della serie La FGR 266, \u00e8 progettata per la Ducati Panigale V4, modelli dal 2020 in poi. - Andreani moto\" \/>\n<meta property=\"og:description\" content=\"Sviluppata direttamente sulla base della tecnologia del Campionato Mondiale Superbike, la forcella anteriore della serie FGR 260 \u00e8 pensata per i motociclisti pi\u00f9 esigenti che cercano il massimo in termini di personalizzazione e prestazioni. Grazie al suo design modernizzato e agli aggiornamenti da competizione, offre controllo, sensibilit\u00e0 e sicurezza eccezionali ogni volta che scendi in [&hellip;]\" \/>\n<meta property=\"og:url\" content=\"https:\/\/moto.andreanigroup.com\/en\/product\/questa-versione-della-forcella-anteriore-della-serie-la-fgr-266-e-progettata-per-la-ducati-panigale-v4-modelli-dal-2020-in-poi\/\" \/>\n<meta property=\"og:site_name\" content=\"Andreani moto\" \/>\n<meta property=\"article:modified_time\" content=\"2026-05-11T20:19:35+00:00\" \/>\n<meta name=\"twitter:card\" content=\"summary_large_image\" \/>\n<meta name=\"twitter:label1\" content=\"Est. reading time\" \/>\n\t<meta name=\"twitter:data1\" content=\"1 minute\" \/>\n<script type=\"application\/ld+json\" class=\"yoast-schema-graph\">{\"@context\":\"https:\/\/schema.org\",\"@graph\":[{\"@type\":\"WebPage\",\"@id\":\"https:\/\/moto.andreanigroup.com\/en\/product\/questa-versione-della-forcella-anteriore-della-serie-la-fgr-266-e-progettata-per-la-ducati-panigale-v4-modelli-dal-2020-in-poi\/\",\"url\":\"https:\/\/moto.andreanigroup.com\/en\/product\/questa-versione-della-forcella-anteriore-della-serie-la-fgr-266-e-progettata-per-la-ducati-panigale-v4-modelli-dal-2020-in-poi\/\",\"name\":\"Questa versione della forcella anteriore della serie La FGR 266, \u00e8 progettata per la Ducati Panigale V4, modelli dal 2020 in poi. - Andreani moto\",\"isPartOf\":{\"@id\":\"https:\/\/moto.andreanigroup.com\/en\/#website\"},\"primaryImageOfPage\":{\"@id\":\"https:\/\/moto.andreanigroup.com\/en\/product\/questa-versione-della-forcella-anteriore-della-serie-la-fgr-266-e-progettata-per-la-ducati-panigale-v4-modelli-dal-2020-in-poi\/#primaryimage\"},\"image\":{\"@id\":\"https:\/\/moto.andreanigroup.com\/en\/product\/questa-versione-della-forcella-anteriore-della-serie-la-fgr-266-e-progettata-per-la-ducati-panigale-v4-modelli-dal-2020-in-poi\/#primaryimage\"},\"thumbnailUrl\":\"https:\/\/moto.andreanigroup.com\/wp-content\/uploads\/2026\/05\/FGR 266FGR 252.jpg\",\"datePublished\":\"2026-05-11T20:19:34+00:00\",\"dateModified\":\"2026-05-11T20:19:35+00:00\",\"breadcrumb\":{\"@id\":\"https:\/\/moto.andreanigroup.com\/en\/product\/questa-versione-della-forcella-anteriore-della-serie-la-fgr-266-e-progettata-per-la-ducati-panigale-v4-modelli-dal-2020-in-poi\/#breadcrumb\"},\"inLanguage\":\"en-US\",\"potentialAction\":[{\"@type\":\"ReadAction\",\"target\":[\"https:\/\/moto.andreanigroup.com\/en\/product\/questa-versione-della-forcella-anteriore-della-serie-la-fgr-266-e-progettata-per-la-ducati-panigale-v4-modelli-dal-2020-in-poi\/\"]}]},{\"@type\":\"ImageObject\",\"inLanguage\":\"en-US\",\"@id\":\"https:\/\/moto.andreanigroup.com\/en\/product\/questa-versione-della-forcella-anteriore-della-serie-la-fgr-266-e-progettata-per-la-ducati-panigale-v4-modelli-dal-2020-in-poi\/#primaryimage\",\"url\":\"https:\/\/moto.andreanigroup.com\/wp-content\/uploads\/2026\/05\/FGR 266FGR 252.jpg\",\"contentUrl\":\"https:\/\/moto.andreanigroup.com\/wp-content\/uploads\/2026\/05\/FGR 266FGR 252.jpg\",\"width\":1000,\"height\":667},{\"@type\":\"BreadcrumbList\",\"@id\":\"https:\/\/moto.andreanigroup.com\/en\/product\/questa-versione-della-forcella-anteriore-della-serie-la-fgr-266-e-progettata-per-la-ducati-panigale-v4-modelli-dal-2020-in-poi\/#breadcrumb\",\"itemListElement\":[{\"@type\":\"ListItem\",\"position\":1,\"name\":\"Home\",\"item\":\"https:\/\/moto.andreanigroup.com\/en\/\"},{\"@type\":\"ListItem\",\"position\":2,\"name\":\"Shop\",\"item\":\"https:\/\/moto.andreanigroup.com\/en\/shop-2\/\"},{\"@type\":\"ListItem\",\"position\":3,\"name\":\"Questa versione della forcella anteriore della serie La FGR 266, \u00e8 progettata per la Ducati Panigale V4, modelli dal 2020 in poi.\"}]},{\"@type\":\"WebSite\",\"@id\":\"https:\/\/moto.andreanigroup.com\/en\/#website\",\"url\":\"https:\/\/moto.andreanigroup.com\/en\/\",\"name\":\"Andreani moto\",\"description\":\"\",\"potentialAction\":[{\"@type\":\"SearchAction\",\"target\":{\"@type\":\"EntryPoint\",\"urlTemplate\":\"https:\/\/moto.andreanigroup.com\/en\/?s={search_term_string}\"},\"query-input\":{\"@type\":\"PropertyValueSpecification\",\"valueRequired\":true,\"valueName\":\"search_term_string\"}}],\"inLanguage\":\"en-US\"}]}<\/script>\n<!-- \/ Yoast SEO plugin. -->","yoast_head_json":{"title":"Questa versione della forcella anteriore della serie La FGR 266, \u00e8 progettata per la Ducati Panigale V4, modelli dal 2020 in poi. - Andreani moto","robots":{"index":"index","follow":"follow","max-snippet":"max-snippet:-1","max-image-preview":"max-image-preview:large","max-video-preview":"max-video-preview:-1"},"canonical":"https:\/\/moto.andreanigroup.com\/en\/product\/questa-versione-della-forcella-anteriore-della-serie-la-fgr-266-e-progettata-per-la-ducati-panigale-v4-modelli-dal-2020-in-poi\/","og_locale":"en_US","og_type":"article","og_title":"Questa versione della forcella anteriore della serie La FGR 266, \u00e8 progettata per la Ducati Panigale V4, modelli dal 2020 in poi. - Andreani moto","og_description":"Sviluppata direttamente sulla base della tecnologia del Campionato Mondiale Superbike, la forcella anteriore della serie FGR 260 \u00e8 pensata per i motociclisti pi\u00f9 esigenti che cercano il massimo in termini di personalizzazione e prestazioni. Grazie al suo design modernizzato e agli aggiornamenti da competizione, offre controllo, sensibilit\u00e0 e sicurezza eccezionali ogni volta che scendi in [&hellip;]","og_url":"https:\/\/moto.andreanigroup.com\/en\/product\/questa-versione-della-forcella-anteriore-della-serie-la-fgr-266-e-progettata-per-la-ducati-panigale-v4-modelli-dal-2020-in-poi\/","og_site_name":"Andreani moto","article_modified_time":"2026-05-11T20:19:35+00:00","twitter_card":"summary_large_image","twitter_misc":{"Est. reading time":"1 minute"},"schema":{"@context":"https:\/\/schema.org","@graph":[{"@type":"WebPage","@id":"https:\/\/moto.andreanigroup.com\/en\/product\/questa-versione-della-forcella-anteriore-della-serie-la-fgr-266-e-progettata-per-la-ducati-panigale-v4-modelli-dal-2020-in-poi\/","url":"https:\/\/moto.andreanigroup.com\/en\/product\/questa-versione-della-forcella-anteriore-della-serie-la-fgr-266-e-progettata-per-la-ducati-panigale-v4-modelli-dal-2020-in-poi\/","name":"Questa versione della forcella anteriore della serie La FGR 266, \u00e8 progettata per la Ducati Panigale V4, modelli dal 2020 in poi. - Andreani moto","isPartOf":{"@id":"https:\/\/moto.andreanigroup.com\/en\/#website"},"primaryImageOfPage":{"@id":"https:\/\/moto.andreanigroup.com\/en\/product\/questa-versione-della-forcella-anteriore-della-serie-la-fgr-266-e-progettata-per-la-ducati-panigale-v4-modelli-dal-2020-in-poi\/#primaryimage"},"image":{"@id":"https:\/\/moto.andreanigroup.com\/en\/product\/questa-versione-della-forcella-anteriore-della-serie-la-fgr-266-e-progettata-per-la-ducati-panigale-v4-modelli-dal-2020-in-poi\/#primaryimage"},"thumbnailUrl":"https:\/\/moto.andreanigroup.com\/wp-content\/uploads\/2026\/05\/FGR 266FGR 252.jpg","datePublished":"2026-05-11T20:19:34+00:00","dateModified":"2026-05-11T20:19:35+00:00","breadcrumb":{"@id":"https:\/\/moto.andreanigroup.com\/en\/product\/questa-versione-della-forcella-anteriore-della-serie-la-fgr-266-e-progettata-per-la-ducati-panigale-v4-modelli-dal-2020-in-poi\/#breadcrumb"},"inLanguage":"en-US","potentialAction":[{"@type":"ReadAction","target":["https:\/\/moto.andreanigroup.com\/en\/product\/questa-versione-della-forcella-anteriore-della-serie-la-fgr-266-e-progettata-per-la-ducati-panigale-v4-modelli-dal-2020-in-poi\/"]}]},{"@type":"ImageObject","inLanguage":"en-US","@id":"https:\/\/moto.andreanigroup.com\/en\/product\/questa-versione-della-forcella-anteriore-della-serie-la-fgr-266-e-progettata-per-la-ducati-panigale-v4-modelli-dal-2020-in-poi\/#primaryimage","url":"https:\/\/moto.andreanigroup.com\/wp-content\/uploads\/2026\/05\/FGR 266FGR 252.jpg","contentUrl":"https:\/\/moto.andreanigroup.com\/wp-content\/uploads\/2026\/05\/FGR 266FGR 252.jpg","width":1000,"height":667},{"@type":"BreadcrumbList","@id":"https:\/\/moto.andreanigroup.com\/en\/product\/questa-versione-della-forcella-anteriore-della-serie-la-fgr-266-e-progettata-per-la-ducati-panigale-v4-modelli-dal-2020-in-poi\/#breadcrumb","itemListElement":[{"@type":"ListItem","position":1,"name":"Home","item":"https:\/\/moto.andreanigroup.com\/en\/"},{"@type":"ListItem","position":2,"name":"Shop","item":"https:\/\/moto.andreanigroup.com\/en\/shop-2\/"},{"@type":"ListItem","position":3,"name":"Questa versione della forcella anteriore della serie La FGR 266, \u00e8 progettata per la Ducati Panigale V4, modelli dal 2020 in poi."}]},{"@type":"WebSite","@id":"https:\/\/moto.andreanigroup.com\/en\/#website","url":"https:\/\/moto.andreanigroup.com\/en\/","name":"Andreani moto","description":"","potentialAction":[{"@type":"SearchAction","target":{"@type":"EntryPoint","urlTemplate":"https:\/\/moto.andreanigroup.com\/en\/?s={search_term_string}"},"query-input":{"@type":"PropertyValueSpecification","valueRequired":true,"valueName":"search_term_string"}}],"inLanguage":"en-US"}]}},"_links":{"self":[{"href":"https:\/\/moto.andreanigroup.com\/en\/wp-json\/wp\/v2\/product\/454989","targetHints":{"allow":["GET"]}}],"collection":[{"href":"https:\/\/moto.andreanigroup.com\/en\/wp-json\/wp\/v2\/product"}],"about":[{"href":"https:\/\/moto.andreanigroup.com\/en\/wp-json\/wp\/v2\/types\/product"}],"wp:featuredmedia":[{"embeddable":true,"href":"https:\/\/moto.andreanigroup.com\/en\/wp-json\/wp\/v2\/media\/454990"}],"wp:attachment":[{"href":"https:\/\/moto.andreanigroup.com\/en\/wp-json\/wp\/v2\/media?parent=454989"}],"wp:term":[{"taxonomy":"product_cat","embeddable":true,"href":"https:\/\/moto.andreanigroup.com\/en\/wp-json\/wp\/v2\/product_cat?post=454989"},{"taxonomy":"product_tag","embeddable":true,"href":"https:\/\/moto.andreanigroup.com\/en\/wp-json\/wp\/v2\/product_tag?post=454989"}],"curies":[{"name":"wp","href":"https:\/\/api.w.org\/{rel}","templated":true}]}}