{"id":454983,"date":"2026-05-11T22:19:32","date_gmt":"2026-05-11T20:19:32","guid":{"rendered":"https:\/\/moto.andreanigroup.com\/product\/questa-versione-della-forcella-anteriore-della-serie-fgr-260-la-fgr-263-e-progettata-specificamente-per-le-gare-di-moto-bagger\/"},"modified":"2026-05-11T22:19:33","modified_gmt":"2026-05-11T20:19:33","slug":"questa-versione-della-forcella-anteriore-della-serie-fgr-260-la-fgr-263-e-progettata-specificamente-per-le-gare-di-moto-bagger","status":"publish","type":"product","link":"https:\/\/moto.andreanigroup.com\/en\/product\/questa-versione-della-forcella-anteriore-della-serie-fgr-260-la-fgr-263-e-progettata-specificamente-per-le-gare-di-moto-bagger\/","title":{"rendered":"Questa versione della forcella anteriore della serie FGR 260, la FGR 263, \u00e8 progettata specificamente per le gare di moto Bagger."},"content":{"rendered":"<div>Sviluppata direttamente dalla tecnologia del Campionato Mondiale Superbike, la forcella anteriore della serie FGR 260 \u00e8 pensata per i motociclisti pi\u00f9 esigenti che cercano il massimo in termini di regolabilit\u00e0 e prestazioni. Grazie al design modernizzato e agli aggiornamenti da competizione, offre controllo, sensibilit\u00e0 e sicurezza eccezionali ogni volta che scendi in pista.<\/div>\n<div>Questa versione della forcella anteriore della serie FGR 260, la FGR 263, \u00e8 progettata specificamente per le gare di moto Bagger. Il suo montaggio \u00e8 universale, il che significa che le forcelle possono essere installate su una vasta gamma di modelli in stile Bagger. <\/div>\n<div>Basata su un sistema di smorzamento a molla pressurizzata a bassissimo attrito, la FGR 263 \u00e8 progettata per offrirti caratteristiche di smorzamento controllate e affidabili, anche nelle condizioni di pista pi\u00f9 estreme. Con una semplice rotazione di una manopola, hai la possibilit\u00e0 di mettere a punto l&#8217;avantreno della tua moto per un&#8217;esperienza da competizione adattata al tuo stile di guida. <\/div>\n<div>Per rendere la regolazione ancora pi\u00f9 semplice, la FGR 263 \u00e8 dotata di anelli di guida magnetici, che sollevano il tubo di precarico mentre si rimuove la molla. La forcella presenta inoltre tappi superiori ispirati alla MotoGP, con un clic di conferma ogni mezzo giro durante la regolazione del precarico per una precisione millimetrica. <\/div>\n<div>&nbsp;<\/div>\n<div>Caratteristiche<\/div>\n<div>Basata sulla tecnologia del Campionato Mondiale Superbike<\/div>\n<div>Design universale per adattarsi a una vasta gamma di moto Bagger<\/div>\n<div>Nuovo design dei tappi superiori ispirato alla MotoGP<\/div>\n<div>Riscontro a scatto ogni mezzo giro durante la regolazione del precarico<\/div>\n<div>Gli anelli di guida magnetici sollevano il tubo di precarico mentre si rimuove la molla<\/div>\n<div>I manicotti di guida pi\u00f9 leggeri in stile MotoGP riducono il peso<\/div>\n<div>Include componenti per regolare la corsa a 130 mm.<\/div>\n","protected":false},"excerpt":{"rendered":"<p>Sviluppata direttamente dalla tecnologia del Campionato Mondiale Superbike, la forcella anteriore della serie FGR 260 \u00e8 pensata per i motociclisti pi\u00f9 esigenti che cercano il massimo in termini di regolabilit\u00e0 e prestazioni. Grazie al design modernizzato e agli aggiornamenti da competizione, offre controllo, sensibilit\u00e0 e sicurezza eccezionali ogni volta che scendi in pista. Questa versione [&hellip;]<\/p>\n","protected":false},"featured_media":454984,"template":"","meta":{"inline_featured_image":false},"product_cat":[75],"product_tag":[70],"class_list":{"0":"post-454983","1":"product","2":"type-product","3":"status-publish","4":"has-post-thumbnail","6":"product_brand-ohlins","7":"product_cat-forcelle","8":"product_tag-ohlins","10":"first","11":"instock","12":"taxable","13":"shipping-taxable","14":"purchasable","15":"product-type-simple"},"yoast_head":"<!-- This site is optimized with the Yoast SEO plugin v27.0 - https:\/\/yoast.com\/product\/yoast-seo-wordpress\/ -->\n<title>Questa versione della forcella anteriore della serie FGR 260, la FGR 263, \u00e8 progettata specificamente per le gare di moto Bagger. - Andreani moto<\/title>\n<meta name=\"robots\" content=\"index, follow, max-snippet:-1, max-image-preview:large, max-video-preview:-1\" \/>\n<link rel=\"canonical\" href=\"https:\/\/moto.andreanigroup.com\/en\/product\/questa-versione-della-forcella-anteriore-della-serie-fgr-260-la-fgr-263-e-progettata-specificamente-per-le-gare-di-moto-bagger\/\" \/>\n<meta property=\"og:locale\" content=\"en_US\" \/>\n<meta property=\"og:type\" content=\"article\" \/>\n<meta property=\"og:title\" content=\"Questa versione della forcella anteriore della serie FGR 260, la FGR 263, \u00e8 progettata specificamente per le gare di moto Bagger. - Andreani moto\" \/>\n<meta property=\"og:description\" content=\"Sviluppata direttamente dalla tecnologia del Campionato Mondiale Superbike, la forcella anteriore della serie FGR 260 \u00e8 pensata per i motociclisti pi\u00f9 esigenti che cercano il massimo in termini di regolabilit\u00e0 e prestazioni. Grazie al design modernizzato e agli aggiornamenti da competizione, offre controllo, sensibilit\u00e0 e sicurezza eccezionali ogni volta che scendi in pista. Questa versione [&hellip;]\" \/>\n<meta property=\"og:url\" content=\"https:\/\/moto.andreanigroup.com\/en\/product\/questa-versione-della-forcella-anteriore-della-serie-fgr-260-la-fgr-263-e-progettata-specificamente-per-le-gare-di-moto-bagger\/\" \/>\n<meta property=\"og:site_name\" content=\"Andreani moto\" \/>\n<meta property=\"article:modified_time\" content=\"2026-05-11T20:19:33+00:00\" \/>\n<meta name=\"twitter:card\" content=\"summary_large_image\" \/>\n<meta name=\"twitter:label1\" content=\"Est. reading time\" \/>\n\t<meta name=\"twitter:data1\" content=\"1 minute\" \/>\n<script type=\"application\/ld+json\" class=\"yoast-schema-graph\">{\"@context\":\"https:\/\/schema.org\",\"@graph\":[{\"@type\":\"WebPage\",\"@id\":\"https:\/\/moto.andreanigroup.com\/en\/product\/questa-versione-della-forcella-anteriore-della-serie-fgr-260-la-fgr-263-e-progettata-specificamente-per-le-gare-di-moto-bagger\/\",\"url\":\"https:\/\/moto.andreanigroup.com\/en\/product\/questa-versione-della-forcella-anteriore-della-serie-fgr-260-la-fgr-263-e-progettata-specificamente-per-le-gare-di-moto-bagger\/\",\"name\":\"Questa versione della forcella anteriore della serie FGR 260, la FGR 263, \u00e8 progettata specificamente per le gare di moto Bagger. - Andreani moto\",\"isPartOf\":{\"@id\":\"https:\/\/moto.andreanigroup.com\/en\/#website\"},\"primaryImageOfPage\":{\"@id\":\"https:\/\/moto.andreanigroup.com\/en\/product\/questa-versione-della-forcella-anteriore-della-serie-fgr-260-la-fgr-263-e-progettata-specificamente-per-le-gare-di-moto-bagger\/#primaryimage\"},\"image\":{\"@id\":\"https:\/\/moto.andreanigroup.com\/en\/product\/questa-versione-della-forcella-anteriore-della-serie-fgr-260-la-fgr-263-e-progettata-specificamente-per-le-gare-di-moto-bagger\/#primaryimage\"},\"thumbnailUrl\":\"https:\/\/moto.andreanigroup.com\/wp-content\/uploads\/2026\/05\/FGR 263FGR 250 Front Fork_7.jpg\",\"datePublished\":\"2026-05-11T20:19:32+00:00\",\"dateModified\":\"2026-05-11T20:19:33+00:00\",\"breadcrumb\":{\"@id\":\"https:\/\/moto.andreanigroup.com\/en\/product\/questa-versione-della-forcella-anteriore-della-serie-fgr-260-la-fgr-263-e-progettata-specificamente-per-le-gare-di-moto-bagger\/#breadcrumb\"},\"inLanguage\":\"en-US\",\"potentialAction\":[{\"@type\":\"ReadAction\",\"target\":[\"https:\/\/moto.andreanigroup.com\/en\/product\/questa-versione-della-forcella-anteriore-della-serie-fgr-260-la-fgr-263-e-progettata-specificamente-per-le-gare-di-moto-bagger\/\"]}]},{\"@type\":\"ImageObject\",\"inLanguage\":\"en-US\",\"@id\":\"https:\/\/moto.andreanigroup.com\/en\/product\/questa-versione-della-forcella-anteriore-della-serie-fgr-260-la-fgr-263-e-progettata-specificamente-per-le-gare-di-moto-bagger\/#primaryimage\",\"url\":\"https:\/\/moto.andreanigroup.com\/wp-content\/uploads\/2026\/05\/FGR 263FGR 250 Front Fork_7.jpg\",\"contentUrl\":\"https:\/\/moto.andreanigroup.com\/wp-content\/uploads\/2026\/05\/FGR 263FGR 250 Front Fork_7.jpg\",\"width\":800,\"height\":534},{\"@type\":\"BreadcrumbList\",\"@id\":\"https:\/\/moto.andreanigroup.com\/en\/product\/questa-versione-della-forcella-anteriore-della-serie-fgr-260-la-fgr-263-e-progettata-specificamente-per-le-gare-di-moto-bagger\/#breadcrumb\",\"itemListElement\":[{\"@type\":\"ListItem\",\"position\":1,\"name\":\"Home\",\"item\":\"https:\/\/moto.andreanigroup.com\/en\/\"},{\"@type\":\"ListItem\",\"position\":2,\"name\":\"Shop\",\"item\":\"https:\/\/moto.andreanigroup.com\/en\/shop-2\/\"},{\"@type\":\"ListItem\",\"position\":3,\"name\":\"Questa versione della forcella anteriore della serie FGR 260, la FGR 263, \u00e8 progettata specificamente per le gare di moto Bagger.\"}]},{\"@type\":\"WebSite\",\"@id\":\"https:\/\/moto.andreanigroup.com\/en\/#website\",\"url\":\"https:\/\/moto.andreanigroup.com\/en\/\",\"name\":\"Andreani moto\",\"description\":\"\",\"potentialAction\":[{\"@type\":\"SearchAction\",\"target\":{\"@type\":\"EntryPoint\",\"urlTemplate\":\"https:\/\/moto.andreanigroup.com\/en\/?s={search_term_string}\"},\"query-input\":{\"@type\":\"PropertyValueSpecification\",\"valueRequired\":true,\"valueName\":\"search_term_string\"}}],\"inLanguage\":\"en-US\"}]}<\/script>\n<!-- \/ Yoast SEO plugin. -->","yoast_head_json":{"title":"Questa versione della forcella anteriore della serie FGR 260, la FGR 263, \u00e8 progettata specificamente per le gare di moto Bagger. - Andreani moto","robots":{"index":"index","follow":"follow","max-snippet":"max-snippet:-1","max-image-preview":"max-image-preview:large","max-video-preview":"max-video-preview:-1"},"canonical":"https:\/\/moto.andreanigroup.com\/en\/product\/questa-versione-della-forcella-anteriore-della-serie-fgr-260-la-fgr-263-e-progettata-specificamente-per-le-gare-di-moto-bagger\/","og_locale":"en_US","og_type":"article","og_title":"Questa versione della forcella anteriore della serie FGR 260, la FGR 263, \u00e8 progettata specificamente per le gare di moto Bagger. - Andreani moto","og_description":"Sviluppata direttamente dalla tecnologia del Campionato Mondiale Superbike, la forcella anteriore della serie FGR 260 \u00e8 pensata per i motociclisti pi\u00f9 esigenti che cercano il massimo in termini di regolabilit\u00e0 e prestazioni. Grazie al design modernizzato e agli aggiornamenti da competizione, offre controllo, sensibilit\u00e0 e sicurezza eccezionali ogni volta che scendi in pista. Questa versione [&hellip;]","og_url":"https:\/\/moto.andreanigroup.com\/en\/product\/questa-versione-della-forcella-anteriore-della-serie-fgr-260-la-fgr-263-e-progettata-specificamente-per-le-gare-di-moto-bagger\/","og_site_name":"Andreani moto","article_modified_time":"2026-05-11T20:19:33+00:00","twitter_card":"summary_large_image","twitter_misc":{"Est. reading time":"1 minute"},"schema":{"@context":"https:\/\/schema.org","@graph":[{"@type":"WebPage","@id":"https:\/\/moto.andreanigroup.com\/en\/product\/questa-versione-della-forcella-anteriore-della-serie-fgr-260-la-fgr-263-e-progettata-specificamente-per-le-gare-di-moto-bagger\/","url":"https:\/\/moto.andreanigroup.com\/en\/product\/questa-versione-della-forcella-anteriore-della-serie-fgr-260-la-fgr-263-e-progettata-specificamente-per-le-gare-di-moto-bagger\/","name":"Questa versione della forcella anteriore della serie FGR 260, la FGR 263, \u00e8 progettata specificamente per le gare di moto Bagger. - Andreani moto","isPartOf":{"@id":"https:\/\/moto.andreanigroup.com\/en\/#website"},"primaryImageOfPage":{"@id":"https:\/\/moto.andreanigroup.com\/en\/product\/questa-versione-della-forcella-anteriore-della-serie-fgr-260-la-fgr-263-e-progettata-specificamente-per-le-gare-di-moto-bagger\/#primaryimage"},"image":{"@id":"https:\/\/moto.andreanigroup.com\/en\/product\/questa-versione-della-forcella-anteriore-della-serie-fgr-260-la-fgr-263-e-progettata-specificamente-per-le-gare-di-moto-bagger\/#primaryimage"},"thumbnailUrl":"https:\/\/moto.andreanigroup.com\/wp-content\/uploads\/2026\/05\/FGR 263FGR 250 Front Fork_7.jpg","datePublished":"2026-05-11T20:19:32+00:00","dateModified":"2026-05-11T20:19:33+00:00","breadcrumb":{"@id":"https:\/\/moto.andreanigroup.com\/en\/product\/questa-versione-della-forcella-anteriore-della-serie-fgr-260-la-fgr-263-e-progettata-specificamente-per-le-gare-di-moto-bagger\/#breadcrumb"},"inLanguage":"en-US","potentialAction":[{"@type":"ReadAction","target":["https:\/\/moto.andreanigroup.com\/en\/product\/questa-versione-della-forcella-anteriore-della-serie-fgr-260-la-fgr-263-e-progettata-specificamente-per-le-gare-di-moto-bagger\/"]}]},{"@type":"ImageObject","inLanguage":"en-US","@id":"https:\/\/moto.andreanigroup.com\/en\/product\/questa-versione-della-forcella-anteriore-della-serie-fgr-260-la-fgr-263-e-progettata-specificamente-per-le-gare-di-moto-bagger\/#primaryimage","url":"https:\/\/moto.andreanigroup.com\/wp-content\/uploads\/2026\/05\/FGR 263FGR 250 Front Fork_7.jpg","contentUrl":"https:\/\/moto.andreanigroup.com\/wp-content\/uploads\/2026\/05\/FGR 263FGR 250 Front Fork_7.jpg","width":800,"height":534},{"@type":"BreadcrumbList","@id":"https:\/\/moto.andreanigroup.com\/en\/product\/questa-versione-della-forcella-anteriore-della-serie-fgr-260-la-fgr-263-e-progettata-specificamente-per-le-gare-di-moto-bagger\/#breadcrumb","itemListElement":[{"@type":"ListItem","position":1,"name":"Home","item":"https:\/\/moto.andreanigroup.com\/en\/"},{"@type":"ListItem","position":2,"name":"Shop","item":"https:\/\/moto.andreanigroup.com\/en\/shop-2\/"},{"@type":"ListItem","position":3,"name":"Questa versione della forcella anteriore della serie FGR 260, la FGR 263, \u00e8 progettata specificamente per le gare di moto Bagger."}]},{"@type":"WebSite","@id":"https:\/\/moto.andreanigroup.com\/en\/#website","url":"https:\/\/moto.andreanigroup.com\/en\/","name":"Andreani moto","description":"","potentialAction":[{"@type":"SearchAction","target":{"@type":"EntryPoint","urlTemplate":"https:\/\/moto.andreanigroup.com\/en\/?s={search_term_string}"},"query-input":{"@type":"PropertyValueSpecification","valueRequired":true,"valueName":"search_term_string"}}],"inLanguage":"en-US"}]}},"_links":{"self":[{"href":"https:\/\/moto.andreanigroup.com\/en\/wp-json\/wp\/v2\/product\/454983","targetHints":{"allow":["GET"]}}],"collection":[{"href":"https:\/\/moto.andreanigroup.com\/en\/wp-json\/wp\/v2\/product"}],"about":[{"href":"https:\/\/moto.andreanigroup.com\/en\/wp-json\/wp\/v2\/types\/product"}],"wp:featuredmedia":[{"embeddable":true,"href":"https:\/\/moto.andreanigroup.com\/en\/wp-json\/wp\/v2\/media\/454984"}],"wp:attachment":[{"href":"https:\/\/moto.andreanigroup.com\/en\/wp-json\/wp\/v2\/media?parent=454983"}],"wp:term":[{"taxonomy":"product_cat","embeddable":true,"href":"https:\/\/moto.andreanigroup.com\/en\/wp-json\/wp\/v2\/product_cat?post=454983"},{"taxonomy":"product_tag","embeddable":true,"href":"https:\/\/moto.andreanigroup.com\/en\/wp-json\/wp\/v2\/product_tag?post=454983"}],"curies":[{"name":"wp","href":"https:\/\/api.w.org\/{rel}","templated":true}]}}