{"id":454691,"date":"2026-04-18T12:00:20","date_gmt":"2026-04-18T10:00:20","guid":{"rendered":"https:\/\/moto.andreanigroup.com\/product\/mivv-2-slip-on-modello-x-cone-plus-black-posizione-high-noise\/"},"modified":"2026-04-18T12:00:20","modified_gmt":"2026-04-18T10:00:20","slug":"mivv-2-slip-on-modello-x-cone-plus-black-posizione-high-noise","status":"publish","type":"product","link":"https:\/\/moto.andreanigroup.com\/en\/product\/mivv-2-slip-on-modello-x-cone-plus-black-posizione-high-noise\/","title":{"rendered":"MIVV &#8211; 2 SLIP-ON &#8211; modello X-cone Plus &#8211; BLACK &#8211; posizione HIGH &#8211; noise"},"content":{"rendered":"<p>NOTA: OMOLOGATO EURO3-EURO4 \/ EURO3-EURO4 APPROVEDLA PEDANA PASSEGGERO VA RIMOSSA \/ PASSENGER FOOTREST MUST BE REMOVEDNON COMPATIBILE CON IL MODELLO SCRAMBLER \/ NOT COMPATIBLE WITH THE SCRAMBLER MODEL<\/p>\n<p>Realizzato per migliorare estetica, sound e performance della moto, lo scarico slip-on Mivv nasce dalla massima attenzione al design, con lo scopo di soddisfare coloro che vogliono distinguersi, anche attraverso il look della propria moto.<\/p>\n<p>Lo scarico X-CONE \u00e8 pensato principalmente per moto stile naked o retr\u00f2. Di forma conica, il suo aspetto \u00e8 supportato da un design curato in ogni dettaglio. E\u2019 realizzato in acciaio inox nero con effetto \u201cBlack Moon\u201d, ottenuto grazie a uno speciale processo di verniciatura a base ceramica che conferisce al prodotto un look pi\u00f9 aggressivo.<\/p>\n","protected":false},"excerpt":{"rendered":"<p>NOTA: OMOLOGATO EURO3-EURO4 \/ EURO3-EURO4 APPROVEDLA PEDANA PASSEGGERO VA RIMOSSA \/ PASSENGER FOOTREST MUST BE REMOVEDNON COMPATIBILE CON IL MODELLO SCRAMBLER \/ NOT COMPATIBLE WITH THE SCRAMBLER MODEL Realizzato per migliorare estetica, sound e performance della moto, lo scarico slip-on Mivv nasce dalla massima attenzione al design, con lo scopo di soddisfare coloro che vogliono [&hellip;]<\/p>\n","protected":false},"featured_media":454692,"template":"","meta":{"inline_featured_image":false},"product_cat":[113],"product_tag":[69],"class_list":{"0":"post-454691","1":"product","2":"type-product","3":"status-publish","4":"has-post-thumbnail","6":"product_brand-mivv","7":"product_cat-scarichi","8":"product_tag-mivv","10":"first","11":"instock","12":"taxable","13":"shipping-taxable","14":"purchasable","15":"product-type-simple"},"yoast_head":"<!-- This site is optimized with the Yoast SEO plugin v27.0 - https:\/\/yoast.com\/product\/yoast-seo-wordpress\/ -->\n<title>MIVV - 2 SLIP-ON - modello X-cone Plus - BLACK - posizione HIGH - noise - Andreani moto<\/title>\n<meta name=\"robots\" content=\"index, follow, max-snippet:-1, max-image-preview:large, max-video-preview:-1\" \/>\n<link rel=\"canonical\" href=\"https:\/\/moto.andreanigroup.com\/en\/product\/mivv-2-slip-on-modello-x-cone-plus-black-posizione-high-noise\/\" \/>\n<meta property=\"og:locale\" content=\"en_US\" \/>\n<meta property=\"og:type\" content=\"article\" \/>\n<meta property=\"og:title\" content=\"MIVV - 2 SLIP-ON - modello X-cone Plus - BLACK - posizione HIGH - noise - Andreani moto\" \/>\n<meta property=\"og:description\" content=\"NOTA: OMOLOGATO EURO3-EURO4 \/ EURO3-EURO4 APPROVEDLA PEDANA PASSEGGERO VA RIMOSSA \/ PASSENGER FOOTREST MUST BE REMOVEDNON COMPATIBILE CON IL MODELLO SCRAMBLER \/ NOT COMPATIBLE WITH THE SCRAMBLER MODEL Realizzato per migliorare estetica, sound e performance della moto, lo scarico slip-on Mivv nasce dalla massima attenzione al design, con lo scopo di soddisfare coloro che vogliono [&hellip;]\" \/>\n<meta property=\"og:url\" content=\"https:\/\/moto.andreanigroup.com\/en\/product\/mivv-2-slip-on-modello-x-cone-plus-black-posizione-high-noise\/\" \/>\n<meta property=\"og:site_name\" content=\"Andreani moto\" \/>\n<meta name=\"twitter:card\" content=\"summary_large_image\" \/>\n<meta name=\"twitter:label1\" content=\"Est. reading time\" \/>\n\t<meta name=\"twitter:data1\" content=\"1 minute\" \/>\n<script type=\"application\/ld+json\" class=\"yoast-schema-graph\">{\"@context\":\"https:\/\/schema.org\",\"@graph\":[{\"@type\":\"WebPage\",\"@id\":\"https:\/\/moto.andreanigroup.com\/en\/product\/mivv-2-slip-on-modello-x-cone-plus-black-posizione-high-noise\/\",\"url\":\"https:\/\/moto.andreanigroup.com\/en\/product\/mivv-2-slip-on-modello-x-cone-plus-black-posizione-high-noise\/\",\"name\":\"MIVV - 2 SLIP-ON - modello X-cone Plus - BLACK - posizione HIGH - noise - Andreani moto\",\"isPartOf\":{\"@id\":\"https:\/\/moto.andreanigroup.com\/en\/#website\"},\"primaryImageOfPage\":{\"@id\":\"https:\/\/moto.andreanigroup.com\/en\/product\/mivv-2-slip-on-modello-x-cone-plus-black-posizione-high-noise\/#primaryimage\"},\"image\":{\"@id\":\"https:\/\/moto.andreanigroup.com\/en\/product\/mivv-2-slip-on-modello-x-cone-plus-black-posizione-high-noise\/#primaryimage\"},\"thumbnailUrl\":\"https:\/\/moto.andreanigroup.com\/wp-content\/uploads\/2026\/04\/B.024.LP1BMWRNINE20T20X-CONE.jpg\",\"datePublished\":\"2026-04-18T10:00:20+00:00\",\"breadcrumb\":{\"@id\":\"https:\/\/moto.andreanigroup.com\/en\/product\/mivv-2-slip-on-modello-x-cone-plus-black-posizione-high-noise\/#breadcrumb\"},\"inLanguage\":\"en-US\",\"potentialAction\":[{\"@type\":\"ReadAction\",\"target\":[\"https:\/\/moto.andreanigroup.com\/en\/product\/mivv-2-slip-on-modello-x-cone-plus-black-posizione-high-noise\/\"]}]},{\"@type\":\"ImageObject\",\"inLanguage\":\"en-US\",\"@id\":\"https:\/\/moto.andreanigroup.com\/en\/product\/mivv-2-slip-on-modello-x-cone-plus-black-posizione-high-noise\/#primaryimage\",\"url\":\"https:\/\/moto.andreanigroup.com\/wp-content\/uploads\/2026\/04\/B.024.LP1BMWRNINE20T20X-CONE.jpg\",\"contentUrl\":\"https:\/\/moto.andreanigroup.com\/wp-content\/uploads\/2026\/04\/B.024.LP1BMWRNINE20T20X-CONE.jpg\",\"width\":1404,\"height\":936},{\"@type\":\"BreadcrumbList\",\"@id\":\"https:\/\/moto.andreanigroup.com\/en\/product\/mivv-2-slip-on-modello-x-cone-plus-black-posizione-high-noise\/#breadcrumb\",\"itemListElement\":[{\"@type\":\"ListItem\",\"position\":1,\"name\":\"Home\",\"item\":\"https:\/\/moto.andreanigroup.com\/en\/\"},{\"@type\":\"ListItem\",\"position\":2,\"name\":\"Shop\",\"item\":\"https:\/\/moto.andreanigroup.com\/en\/shop-2\/\"},{\"@type\":\"ListItem\",\"position\":3,\"name\":\"MIVV &#8211; 2 SLIP-ON &#8211; modello X-cone Plus &#8211; BLACK &#8211; posizione HIGH &#8211; noise\"}]},{\"@type\":\"WebSite\",\"@id\":\"https:\/\/moto.andreanigroup.com\/en\/#website\",\"url\":\"https:\/\/moto.andreanigroup.com\/en\/\",\"name\":\"Andreani moto\",\"description\":\"\",\"potentialAction\":[{\"@type\":\"SearchAction\",\"target\":{\"@type\":\"EntryPoint\",\"urlTemplate\":\"https:\/\/moto.andreanigroup.com\/en\/?s={search_term_string}\"},\"query-input\":{\"@type\":\"PropertyValueSpecification\",\"valueRequired\":true,\"valueName\":\"search_term_string\"}}],\"inLanguage\":\"en-US\"}]}<\/script>\n<!-- \/ Yoast SEO plugin. -->","yoast_head_json":{"title":"MIVV - 2 SLIP-ON - modello X-cone Plus - BLACK - posizione HIGH - noise - Andreani moto","robots":{"index":"index","follow":"follow","max-snippet":"max-snippet:-1","max-image-preview":"max-image-preview:large","max-video-preview":"max-video-preview:-1"},"canonical":"https:\/\/moto.andreanigroup.com\/en\/product\/mivv-2-slip-on-modello-x-cone-plus-black-posizione-high-noise\/","og_locale":"en_US","og_type":"article","og_title":"MIVV - 2 SLIP-ON - modello X-cone Plus - BLACK - posizione HIGH - noise - Andreani moto","og_description":"NOTA: OMOLOGATO EURO3-EURO4 \/ EURO3-EURO4 APPROVEDLA PEDANA PASSEGGERO VA RIMOSSA \/ PASSENGER FOOTREST MUST BE REMOVEDNON COMPATIBILE CON IL MODELLO SCRAMBLER \/ NOT COMPATIBLE WITH THE SCRAMBLER MODEL Realizzato per migliorare estetica, sound e performance della moto, lo scarico slip-on Mivv nasce dalla massima attenzione al design, con lo scopo di soddisfare coloro che vogliono [&hellip;]","og_url":"https:\/\/moto.andreanigroup.com\/en\/product\/mivv-2-slip-on-modello-x-cone-plus-black-posizione-high-noise\/","og_site_name":"Andreani moto","twitter_card":"summary_large_image","twitter_misc":{"Est. reading time":"1 minute"},"schema":{"@context":"https:\/\/schema.org","@graph":[{"@type":"WebPage","@id":"https:\/\/moto.andreanigroup.com\/en\/product\/mivv-2-slip-on-modello-x-cone-plus-black-posizione-high-noise\/","url":"https:\/\/moto.andreanigroup.com\/en\/product\/mivv-2-slip-on-modello-x-cone-plus-black-posizione-high-noise\/","name":"MIVV - 2 SLIP-ON - modello X-cone Plus - BLACK - posizione HIGH - noise - Andreani moto","isPartOf":{"@id":"https:\/\/moto.andreanigroup.com\/en\/#website"},"primaryImageOfPage":{"@id":"https:\/\/moto.andreanigroup.com\/en\/product\/mivv-2-slip-on-modello-x-cone-plus-black-posizione-high-noise\/#primaryimage"},"image":{"@id":"https:\/\/moto.andreanigroup.com\/en\/product\/mivv-2-slip-on-modello-x-cone-plus-black-posizione-high-noise\/#primaryimage"},"thumbnailUrl":"https:\/\/moto.andreanigroup.com\/wp-content\/uploads\/2026\/04\/B.024.LP1BMWRNINE20T20X-CONE.jpg","datePublished":"2026-04-18T10:00:20+00:00","breadcrumb":{"@id":"https:\/\/moto.andreanigroup.com\/en\/product\/mivv-2-slip-on-modello-x-cone-plus-black-posizione-high-noise\/#breadcrumb"},"inLanguage":"en-US","potentialAction":[{"@type":"ReadAction","target":["https:\/\/moto.andreanigroup.com\/en\/product\/mivv-2-slip-on-modello-x-cone-plus-black-posizione-high-noise\/"]}]},{"@type":"ImageObject","inLanguage":"en-US","@id":"https:\/\/moto.andreanigroup.com\/en\/product\/mivv-2-slip-on-modello-x-cone-plus-black-posizione-high-noise\/#primaryimage","url":"https:\/\/moto.andreanigroup.com\/wp-content\/uploads\/2026\/04\/B.024.LP1BMWRNINE20T20X-CONE.jpg","contentUrl":"https:\/\/moto.andreanigroup.com\/wp-content\/uploads\/2026\/04\/B.024.LP1BMWRNINE20T20X-CONE.jpg","width":1404,"height":936},{"@type":"BreadcrumbList","@id":"https:\/\/moto.andreanigroup.com\/en\/product\/mivv-2-slip-on-modello-x-cone-plus-black-posizione-high-noise\/#breadcrumb","itemListElement":[{"@type":"ListItem","position":1,"name":"Home","item":"https:\/\/moto.andreanigroup.com\/en\/"},{"@type":"ListItem","position":2,"name":"Shop","item":"https:\/\/moto.andreanigroup.com\/en\/shop-2\/"},{"@type":"ListItem","position":3,"name":"MIVV &#8211; 2 SLIP-ON &#8211; modello X-cone Plus &#8211; BLACK &#8211; posizione HIGH &#8211; noise"}]},{"@type":"WebSite","@id":"https:\/\/moto.andreanigroup.com\/en\/#website","url":"https:\/\/moto.andreanigroup.com\/en\/","name":"Andreani moto","description":"","potentialAction":[{"@type":"SearchAction","target":{"@type":"EntryPoint","urlTemplate":"https:\/\/moto.andreanigroup.com\/en\/?s={search_term_string}"},"query-input":{"@type":"PropertyValueSpecification","valueRequired":true,"valueName":"search_term_string"}}],"inLanguage":"en-US"}]}},"_links":{"self":[{"href":"https:\/\/moto.andreanigroup.com\/en\/wp-json\/wp\/v2\/product\/454691","targetHints":{"allow":["GET"]}}],"collection":[{"href":"https:\/\/moto.andreanigroup.com\/en\/wp-json\/wp\/v2\/product"}],"about":[{"href":"https:\/\/moto.andreanigroup.com\/en\/wp-json\/wp\/v2\/types\/product"}],"wp:featuredmedia":[{"embeddable":true,"href":"https:\/\/moto.andreanigroup.com\/en\/wp-json\/wp\/v2\/media\/454692"}],"wp:attachment":[{"href":"https:\/\/moto.andreanigroup.com\/en\/wp-json\/wp\/v2\/media?parent=454691"}],"wp:term":[{"taxonomy":"product_cat","embeddable":true,"href":"https:\/\/moto.andreanigroup.com\/en\/wp-json\/wp\/v2\/product_cat?post=454691"},{"taxonomy":"product_tag","embeddable":true,"href":"https:\/\/moto.andreanigroup.com\/en\/wp-json\/wp\/v2\/product_tag?post=454691"}],"curies":[{"name":"wp","href":"https:\/\/api.w.org\/{rel}","templated":true}]}}