{"id":452335,"date":"2026-04-03T14:59:19","date_gmt":"2026-04-03T12:59:19","guid":{"rendered":"https:\/\/moto.andreanigroup.com\/product\/mivv-slip-on-modello-x-cone-st-steel-posizione-original-noise-4\/"},"modified":"2026-04-03T14:59:22","modified_gmt":"2026-04-03T12:59:22","slug":"mivv-slip-on-modello-x-cone-st-steel-posizione-original-noise-4","status":"publish","type":"product","link":"https:\/\/moto.andreanigroup.com\/en\/product\/mivv-slip-on-modello-x-cone-st-steel-posizione-original-noise-4\/","title":{"rendered":"MIVV &#8211; SLIP-ON &#8211; modello X-cone &#8211; ST. STEEL &#8211; posizione ORIGINAL &#8211; noise"},"content":{"rendered":"<p>Realizzato per migliorare estetica, sound e performance della moto, lo scarico slip-on Mivv nasce dalla massima attenzione al design, con lo scopo di soddisfare coloro che vogliono distinguersi, anche attraverso il look della propria moto.<\/p>\n<p>Lo scarico X-CONE \u00e8 pensato principalmente per moto stile naked o retr\u00f2. Di forma conica, il suo aspetto \u00e8 supportato da un design curato in ogni dettaglio. Realizzato in acciaio inox con finitura spazzolata.<br \/>\nScarico SUZUKI GLADIUS Mivv X-Cone Inox S.035.LC3<\/p>\n","protected":false},"excerpt":{"rendered":"<p>Realizzato per migliorare estetica, sound e performance della moto, lo scarico slip-on Mivv nasce dalla massima attenzione al design, con lo scopo di soddisfare coloro che vogliono distinguersi, anche attraverso il look della propria moto. Lo scarico X-CONE \u00e8 pensato principalmente per moto stile naked o retr\u00f2. Di forma conica, il suo aspetto \u00e8 supportato [&hellip;]<\/p>\n","protected":false},"featured_media":452336,"template":"","meta":{"inline_featured_image":false},"product_cat":[113],"product_tag":[69],"class_list":{"0":"post-452335","1":"product","2":"type-product","3":"status-publish","4":"has-post-thumbnail","6":"product_brand-mivv","7":"product_cat-scarichi","8":"product_tag-mivv","10":"first","11":"instock","12":"taxable","13":"shipping-taxable","14":"purchasable","15":"product-type-simple"},"yoast_head":"<!-- This site is optimized with the Yoast SEO plugin v27.0 - https:\/\/yoast.com\/product\/yoast-seo-wordpress\/ -->\n<title>MIVV - SLIP-ON - modello X-cone - ST. STEEL - posizione ORIGINAL - noise - Andreani moto<\/title>\n<meta name=\"robots\" content=\"index, follow, max-snippet:-1, max-image-preview:large, max-video-preview:-1\" \/>\n<link rel=\"canonical\" href=\"https:\/\/moto.andreanigroup.com\/en\/product\/mivv-slip-on-modello-x-cone-st-steel-posizione-original-noise-4\/\" \/>\n<meta property=\"og:locale\" content=\"en_US\" \/>\n<meta property=\"og:type\" content=\"article\" \/>\n<meta property=\"og:title\" content=\"MIVV - SLIP-ON - modello X-cone - ST. STEEL - posizione ORIGINAL - noise - Andreani moto\" \/>\n<meta property=\"og:description\" content=\"Realizzato per migliorare estetica, sound e performance della moto, lo scarico slip-on Mivv nasce dalla massima attenzione al design, con lo scopo di soddisfare coloro che vogliono distinguersi, anche attraverso il look della propria moto. Lo scarico X-CONE \u00e8 pensato principalmente per moto stile naked o retr\u00f2. Di forma conica, il suo aspetto \u00e8 supportato [&hellip;]\" \/>\n<meta property=\"og:url\" content=\"https:\/\/moto.andreanigroup.com\/en\/product\/mivv-slip-on-modello-x-cone-st-steel-posizione-original-noise-4\/\" \/>\n<meta property=\"og:site_name\" content=\"Andreani moto\" \/>\n<meta property=\"article:modified_time\" content=\"2026-04-03T12:59:22+00:00\" \/>\n<meta name=\"twitter:card\" content=\"summary_large_image\" \/>\n<script type=\"application\/ld+json\" class=\"yoast-schema-graph\">{\"@context\":\"https:\/\/schema.org\",\"@graph\":[{\"@type\":\"WebPage\",\"@id\":\"https:\/\/moto.andreanigroup.com\/en\/product\/mivv-slip-on-modello-x-cone-st-steel-posizione-original-noise-4\/\",\"url\":\"https:\/\/moto.andreanigroup.com\/en\/product\/mivv-slip-on-modello-x-cone-st-steel-posizione-original-noise-4\/\",\"name\":\"MIVV - SLIP-ON - modello X-cone - ST. STEEL - posizione ORIGINAL - noise - Andreani moto\",\"isPartOf\":{\"@id\":\"https:\/\/moto.andreanigroup.com\/en\/#website\"},\"primaryImageOfPage\":{\"@id\":\"https:\/\/moto.andreanigroup.com\/en\/product\/mivv-slip-on-modello-x-cone-st-steel-posizione-original-noise-4\/#primaryimage\"},\"image\":{\"@id\":\"https:\/\/moto.andreanigroup.com\/en\/product\/mivv-slip-on-modello-x-cone-st-steel-posizione-original-noise-4\/#primaryimage\"},\"thumbnailUrl\":\"https:\/\/moto.andreanigroup.com\/wp-content\/uploads\/2026\/04\/S.035.LC3S035LC3_a.jpg\",\"datePublished\":\"2026-04-03T12:59:19+00:00\",\"dateModified\":\"2026-04-03T12:59:22+00:00\",\"breadcrumb\":{\"@id\":\"https:\/\/moto.andreanigroup.com\/en\/product\/mivv-slip-on-modello-x-cone-st-steel-posizione-original-noise-4\/#breadcrumb\"},\"inLanguage\":\"en-US\",\"potentialAction\":[{\"@type\":\"ReadAction\",\"target\":[\"https:\/\/moto.andreanigroup.com\/en\/product\/mivv-slip-on-modello-x-cone-st-steel-posizione-original-noise-4\/\"]}]},{\"@type\":\"ImageObject\",\"inLanguage\":\"en-US\",\"@id\":\"https:\/\/moto.andreanigroup.com\/en\/product\/mivv-slip-on-modello-x-cone-st-steel-posizione-original-noise-4\/#primaryimage\",\"url\":\"https:\/\/moto.andreanigroup.com\/wp-content\/uploads\/2026\/04\/S.035.LC3S035LC3_a.jpg\",\"contentUrl\":\"https:\/\/moto.andreanigroup.com\/wp-content\/uploads\/2026\/04\/S.035.LC3S035LC3_a.jpg\",\"width\":902,\"height\":600},{\"@type\":\"BreadcrumbList\",\"@id\":\"https:\/\/moto.andreanigroup.com\/en\/product\/mivv-slip-on-modello-x-cone-st-steel-posizione-original-noise-4\/#breadcrumb\",\"itemListElement\":[{\"@type\":\"ListItem\",\"position\":1,\"name\":\"Home\",\"item\":\"https:\/\/moto.andreanigroup.com\/en\/\"},{\"@type\":\"ListItem\",\"position\":2,\"name\":\"Shop\",\"item\":\"https:\/\/moto.andreanigroup.com\/en\/shop-2\/\"},{\"@type\":\"ListItem\",\"position\":3,\"name\":\"MIVV &#8211; SLIP-ON &#8211; modello X-cone &#8211; ST. STEEL &#8211; posizione ORIGINAL &#8211; noise\"}]},{\"@type\":\"WebSite\",\"@id\":\"https:\/\/moto.andreanigroup.com\/en\/#website\",\"url\":\"https:\/\/moto.andreanigroup.com\/en\/\",\"name\":\"Andreani moto\",\"description\":\"\",\"potentialAction\":[{\"@type\":\"SearchAction\",\"target\":{\"@type\":\"EntryPoint\",\"urlTemplate\":\"https:\/\/moto.andreanigroup.com\/en\/?s={search_term_string}\"},\"query-input\":{\"@type\":\"PropertyValueSpecification\",\"valueRequired\":true,\"valueName\":\"search_term_string\"}}],\"inLanguage\":\"en-US\"}]}<\/script>\n<!-- \/ Yoast SEO plugin. -->","yoast_head_json":{"title":"MIVV - SLIP-ON - modello X-cone - ST. STEEL - posizione ORIGINAL - noise - Andreani moto","robots":{"index":"index","follow":"follow","max-snippet":"max-snippet:-1","max-image-preview":"max-image-preview:large","max-video-preview":"max-video-preview:-1"},"canonical":"https:\/\/moto.andreanigroup.com\/en\/product\/mivv-slip-on-modello-x-cone-st-steel-posizione-original-noise-4\/","og_locale":"en_US","og_type":"article","og_title":"MIVV - SLIP-ON - modello X-cone - ST. STEEL - posizione ORIGINAL - noise - Andreani moto","og_description":"Realizzato per migliorare estetica, sound e performance della moto, lo scarico slip-on Mivv nasce dalla massima attenzione al design, con lo scopo di soddisfare coloro che vogliono distinguersi, anche attraverso il look della propria moto. Lo scarico X-CONE \u00e8 pensato principalmente per moto stile naked o retr\u00f2. Di forma conica, il suo aspetto \u00e8 supportato [&hellip;]","og_url":"https:\/\/moto.andreanigroup.com\/en\/product\/mivv-slip-on-modello-x-cone-st-steel-posizione-original-noise-4\/","og_site_name":"Andreani moto","article_modified_time":"2026-04-03T12:59:22+00:00","twitter_card":"summary_large_image","schema":{"@context":"https:\/\/schema.org","@graph":[{"@type":"WebPage","@id":"https:\/\/moto.andreanigroup.com\/en\/product\/mivv-slip-on-modello-x-cone-st-steel-posizione-original-noise-4\/","url":"https:\/\/moto.andreanigroup.com\/en\/product\/mivv-slip-on-modello-x-cone-st-steel-posizione-original-noise-4\/","name":"MIVV - SLIP-ON - modello X-cone - ST. STEEL - posizione ORIGINAL - noise - Andreani moto","isPartOf":{"@id":"https:\/\/moto.andreanigroup.com\/en\/#website"},"primaryImageOfPage":{"@id":"https:\/\/moto.andreanigroup.com\/en\/product\/mivv-slip-on-modello-x-cone-st-steel-posizione-original-noise-4\/#primaryimage"},"image":{"@id":"https:\/\/moto.andreanigroup.com\/en\/product\/mivv-slip-on-modello-x-cone-st-steel-posizione-original-noise-4\/#primaryimage"},"thumbnailUrl":"https:\/\/moto.andreanigroup.com\/wp-content\/uploads\/2026\/04\/S.035.LC3S035LC3_a.jpg","datePublished":"2026-04-03T12:59:19+00:00","dateModified":"2026-04-03T12:59:22+00:00","breadcrumb":{"@id":"https:\/\/moto.andreanigroup.com\/en\/product\/mivv-slip-on-modello-x-cone-st-steel-posizione-original-noise-4\/#breadcrumb"},"inLanguage":"en-US","potentialAction":[{"@type":"ReadAction","target":["https:\/\/moto.andreanigroup.com\/en\/product\/mivv-slip-on-modello-x-cone-st-steel-posizione-original-noise-4\/"]}]},{"@type":"ImageObject","inLanguage":"en-US","@id":"https:\/\/moto.andreanigroup.com\/en\/product\/mivv-slip-on-modello-x-cone-st-steel-posizione-original-noise-4\/#primaryimage","url":"https:\/\/moto.andreanigroup.com\/wp-content\/uploads\/2026\/04\/S.035.LC3S035LC3_a.jpg","contentUrl":"https:\/\/moto.andreanigroup.com\/wp-content\/uploads\/2026\/04\/S.035.LC3S035LC3_a.jpg","width":902,"height":600},{"@type":"BreadcrumbList","@id":"https:\/\/moto.andreanigroup.com\/en\/product\/mivv-slip-on-modello-x-cone-st-steel-posizione-original-noise-4\/#breadcrumb","itemListElement":[{"@type":"ListItem","position":1,"name":"Home","item":"https:\/\/moto.andreanigroup.com\/en\/"},{"@type":"ListItem","position":2,"name":"Shop","item":"https:\/\/moto.andreanigroup.com\/en\/shop-2\/"},{"@type":"ListItem","position":3,"name":"MIVV &#8211; SLIP-ON &#8211; modello X-cone &#8211; ST. STEEL &#8211; posizione ORIGINAL &#8211; noise"}]},{"@type":"WebSite","@id":"https:\/\/moto.andreanigroup.com\/en\/#website","url":"https:\/\/moto.andreanigroup.com\/en\/","name":"Andreani moto","description":"","potentialAction":[{"@type":"SearchAction","target":{"@type":"EntryPoint","urlTemplate":"https:\/\/moto.andreanigroup.com\/en\/?s={search_term_string}"},"query-input":{"@type":"PropertyValueSpecification","valueRequired":true,"valueName":"search_term_string"}}],"inLanguage":"en-US"}]}},"_links":{"self":[{"href":"https:\/\/moto.andreanigroup.com\/en\/wp-json\/wp\/v2\/product\/452335","targetHints":{"allow":["GET"]}}],"collection":[{"href":"https:\/\/moto.andreanigroup.com\/en\/wp-json\/wp\/v2\/product"}],"about":[{"href":"https:\/\/moto.andreanigroup.com\/en\/wp-json\/wp\/v2\/types\/product"}],"wp:featuredmedia":[{"embeddable":true,"href":"https:\/\/moto.andreanigroup.com\/en\/wp-json\/wp\/v2\/media\/452336"}],"wp:attachment":[{"href":"https:\/\/moto.andreanigroup.com\/en\/wp-json\/wp\/v2\/media?parent=452335"}],"wp:term":[{"taxonomy":"product_cat","embeddable":true,"href":"https:\/\/moto.andreanigroup.com\/en\/wp-json\/wp\/v2\/product_cat?post=452335"},{"taxonomy":"product_tag","embeddable":true,"href":"https:\/\/moto.andreanigroup.com\/en\/wp-json\/wp\/v2\/product_tag?post=452335"}],"curies":[{"name":"wp","href":"https:\/\/api.w.org\/{rel}","templated":true}]}}