{"id":444391,"date":"2026-01-15T09:22:17","date_gmt":"2026-01-15T08:22:17","guid":{"rendered":"https:\/\/moto.andreanigroup.com\/product\/nuova-cartuccia-ohlins-fkr-229-per-ducati-v4-r-s-2225-fork-ohlins\/"},"modified":"2026-02-12T15:52:46","modified_gmt":"2026-02-12T14:52:46","slug":"nuova-cartuccia-ohlins-fkr-229-per-ducati-v4-r-s-2225-fork-ohlins","status":"publish","type":"product","link":"https:\/\/moto.andreanigroup.com\/en\/product\/nuova-cartuccia-ohlins-fkr-229-per-ducati-v4-r-s-2225-fork-ohlins\/","title":{"rendered":"Nuova Cartuccia Ohlins FKR 229 per DUCATI V4 R\/S 22&gt;25 FORK OHLINS"},"content":{"rendered":"<div><font size=\"3\" color=\"black\">SUPERSPORT<\/font><\/div>\n<div><font color=\"black\">&nbsp;<\/font><\/div>\n<div><font size=\"3\" color=\"black\">FKR 200 \u00e8 l&#8217;ultima novit\u00e0 della nostra gamma di kit cartucce Supersport. Basato sulla collaudata tecnologia TTX di \u00d6hlins, il kit offre una serie<\/font><\/div>\n<div><font size=\"3\" color=\"black\">di aggiornamenti pronti per la gara per portare la tua moto a un livello superiore.<\/font><\/div>\n<div><font size=\"3\" color=\"black\">Le nuove impostazioni ottimizzate per le gare sono state ottimizzate per migliorare lo smorzamento in estensione, offrendo aderenza, trazione e stabilit\u00e0 del telaio superiori. Il kit<\/font><\/div>\n<div><font size=\"3\" color=\"black\">presenta un design del tappo superiore ispirato alla MotoGP, un feedback a scatto ad ogni mezzo giro durante la regolazione del precarico e un manicotto di guida pi\u00f9 leggero per<\/font><\/div>\n<div><font size=\"3\" color=\"black\">ridurre ulteriormente il peso. \u00c8 inoltre dotato di anelli di guida magnetici, che sollevano il tubo di precarico quando si rimuove la molla, semplificando<\/font><\/div>\n<div><font size=\"3\" color=\"black\">il processo di configurazione.<\/font><\/div>\n<div><font color=\"black\">&nbsp;<\/font><\/div>\n<div><font size=\"3\" color=\"black\">CARATTERISTICHE KIT CARTUCCIA FKR 200<\/font><\/div>\n<div><font size=\"3\" color=\"black\">\u2022 Nuovo design del tappo superiore ispirato alla MotoGP<\/font><\/div>\n<div><font size=\"3\" color=\"black\">\u2022 Feedback a scatto ad ogni mezzo giro durante la regolazione del precarico<\/font><\/div>\n<div><font size=\"3\" color=\"black\">\u2022 Gli anelli di guida magnetici sollevano il tubo di precarico mentre si rimuove la<\/font><\/div>\n<div><font size=\"3\" color=\"black\">molla<\/font><\/div>\n<div><font size=\"3\" color=\"black\">\u2022 Impostazioni ottimizzate per le competizioni con maggiore smorzamento in estensione<\/font><\/div>\n<div><font size=\"3\" color=\"black\">\u2022 Manicotti di guida pi\u00f9 leggeri in stile MotoGP per ridurre il peso<\/font><\/div>\n<div><font size=\"3\" color=\"black\">\u2022 Include componenti per regolare la corsa a 130 mm<\/font><\/div>\n<div><font size=\"3\" color=\"black\">\u2022 Nuovo set di adesivi incluso<\/font><\/div>\n","protected":false},"excerpt":{"rendered":"<p>SUPERSPORT &nbsp; FKR 200 \u00e8 l&#8217;ultima novit\u00e0 della nostra gamma di kit cartucce Supersport. Basato sulla collaudata tecnologia TTX di \u00d6hlins, il kit offre una serie di aggiornamenti pronti per la gara per portare la tua moto a un livello superiore. Le nuove impostazioni ottimizzate per le gare sono state ottimizzate per migliorare lo smorzamento [&hellip;]<\/p>\n","protected":false},"featured_media":445653,"template":"","meta":{"inline_featured_image":false},"product_cat":[25],"product_tag":[70],"class_list":{"0":"post-444391","1":"product","2":"type-product","3":"status-publish","4":"has-post-thumbnail","6":"product_brand-ohlins","7":"product_cat-cartucce-forcella","8":"product_tag-ohlins","10":"first","11":"instock","12":"taxable","13":"shipping-taxable","14":"purchasable","15":"product-type-simple"},"yoast_head":"<!-- This site is optimized with the Yoast SEO plugin v27.0 - https:\/\/yoast.com\/product\/yoast-seo-wordpress\/ -->\n<title>Nuova Cartuccia Ohlins FKR 229 per DUCATI V4 R\/S 22&gt;25 FORK OHLINS - Andreani moto<\/title>\n<meta name=\"robots\" content=\"index, follow, max-snippet:-1, max-image-preview:large, max-video-preview:-1\" \/>\n<link rel=\"canonical\" href=\"https:\/\/moto.andreanigroup.com\/en\/product\/nuova-cartuccia-ohlins-fkr-229-per-ducati-v4-r-s-2225-fork-ohlins\/\" \/>\n<meta property=\"og:locale\" content=\"en_US\" \/>\n<meta property=\"og:type\" content=\"article\" \/>\n<meta property=\"og:title\" content=\"Nuova Cartuccia Ohlins FKR 229 per DUCATI V4 R\/S 22&gt;25 FORK OHLINS - Andreani moto\" \/>\n<meta property=\"og:description\" content=\"SUPERSPORT &nbsp; FKR 200 \u00e8 l&#8217;ultima novit\u00e0 della nostra gamma di kit cartucce Supersport. Basato sulla collaudata tecnologia TTX di \u00d6hlins, il kit offre una serie di aggiornamenti pronti per la gara per portare la tua moto a un livello superiore. Le nuove impostazioni ottimizzate per le gare sono state ottimizzate per migliorare lo smorzamento [&hellip;]\" \/>\n<meta property=\"og:url\" content=\"https:\/\/moto.andreanigroup.com\/en\/product\/nuova-cartuccia-ohlins-fkr-229-per-ducati-v4-r-s-2225-fork-ohlins\/\" \/>\n<meta property=\"og:site_name\" content=\"Andreani moto\" \/>\n<meta property=\"article:modified_time\" content=\"2026-02-12T14:52:46+00:00\" \/>\n<meta property=\"og:image\" content=\"https:\/\/moto.andreanigroup.com\/wp-content\/uploads\/2026\/02\/FKR%20229FKR%20222-12.jpg\" \/>\n\t<meta property=\"og:image:width\" content=\"1000\" \/>\n\t<meta property=\"og:image:height\" content=\"668\" \/>\n\t<meta property=\"og:image:type\" content=\"image\/jpeg\" \/>\n<meta name=\"twitter:card\" content=\"summary_large_image\" \/>\n<meta name=\"twitter:label1\" content=\"Est. reading time\" \/>\n\t<meta name=\"twitter:data1\" content=\"1 minute\" \/>\n<script type=\"application\/ld+json\" class=\"yoast-schema-graph\">{\"@context\":\"https:\/\/schema.org\",\"@graph\":[{\"@type\":\"WebPage\",\"@id\":\"https:\/\/moto.andreanigroup.com\/en\/product\/nuova-cartuccia-ohlins-fkr-229-per-ducati-v4-r-s-2225-fork-ohlins\/\",\"url\":\"https:\/\/moto.andreanigroup.com\/en\/product\/nuova-cartuccia-ohlins-fkr-229-per-ducati-v4-r-s-2225-fork-ohlins\/\",\"name\":\"Nuova Cartuccia Ohlins FKR 229 per DUCATI V4 R\/S 22&gt;25 FORK OHLINS - Andreani moto\",\"isPartOf\":{\"@id\":\"https:\/\/moto.andreanigroup.com\/en\/#website\"},\"primaryImageOfPage\":{\"@id\":\"https:\/\/moto.andreanigroup.com\/en\/product\/nuova-cartuccia-ohlins-fkr-229-per-ducati-v4-r-s-2225-fork-ohlins\/#primaryimage\"},\"image\":{\"@id\":\"https:\/\/moto.andreanigroup.com\/en\/product\/nuova-cartuccia-ohlins-fkr-229-per-ducati-v4-r-s-2225-fork-ohlins\/#primaryimage\"},\"thumbnailUrl\":\"https:\/\/moto.andreanigroup.com\/wp-content\/uploads\/2026\/02\/FKR 229FKR 222-12.jpg\",\"datePublished\":\"2026-01-15T08:22:17+00:00\",\"dateModified\":\"2026-02-12T14:52:46+00:00\",\"breadcrumb\":{\"@id\":\"https:\/\/moto.andreanigroup.com\/en\/product\/nuova-cartuccia-ohlins-fkr-229-per-ducati-v4-r-s-2225-fork-ohlins\/#breadcrumb\"},\"inLanguage\":\"en-US\",\"potentialAction\":[{\"@type\":\"ReadAction\",\"target\":[\"https:\/\/moto.andreanigroup.com\/en\/product\/nuova-cartuccia-ohlins-fkr-229-per-ducati-v4-r-s-2225-fork-ohlins\/\"]}]},{\"@type\":\"ImageObject\",\"inLanguage\":\"en-US\",\"@id\":\"https:\/\/moto.andreanigroup.com\/en\/product\/nuova-cartuccia-ohlins-fkr-229-per-ducati-v4-r-s-2225-fork-ohlins\/#primaryimage\",\"url\":\"https:\/\/moto.andreanigroup.com\/wp-content\/uploads\/2026\/02\/FKR 229FKR 222-12.jpg\",\"contentUrl\":\"https:\/\/moto.andreanigroup.com\/wp-content\/uploads\/2026\/02\/FKR 229FKR 222-12.jpg\",\"width\":1000,\"height\":668},{\"@type\":\"BreadcrumbList\",\"@id\":\"https:\/\/moto.andreanigroup.com\/en\/product\/nuova-cartuccia-ohlins-fkr-229-per-ducati-v4-r-s-2225-fork-ohlins\/#breadcrumb\",\"itemListElement\":[{\"@type\":\"ListItem\",\"position\":1,\"name\":\"Home\",\"item\":\"https:\/\/moto.andreanigroup.com\/en\/\"},{\"@type\":\"ListItem\",\"position\":2,\"name\":\"Shop\",\"item\":\"https:\/\/moto.andreanigroup.com\/en\/shop-2\/\"},{\"@type\":\"ListItem\",\"position\":3,\"name\":\"Nuova Cartuccia Ohlins FKR 229 per DUCATI V4 R\/S 22&gt;25 FORK OHLINS\"}]},{\"@type\":\"WebSite\",\"@id\":\"https:\/\/moto.andreanigroup.com\/en\/#website\",\"url\":\"https:\/\/moto.andreanigroup.com\/en\/\",\"name\":\"Andreani moto\",\"description\":\"\",\"potentialAction\":[{\"@type\":\"SearchAction\",\"target\":{\"@type\":\"EntryPoint\",\"urlTemplate\":\"https:\/\/moto.andreanigroup.com\/en\/?s={search_term_string}\"},\"query-input\":{\"@type\":\"PropertyValueSpecification\",\"valueRequired\":true,\"valueName\":\"search_term_string\"}}],\"inLanguage\":\"en-US\"}]}<\/script>\n<!-- \/ Yoast SEO plugin. -->","yoast_head_json":{"title":"Nuova Cartuccia Ohlins FKR 229 per DUCATI V4 R\/S 22&gt;25 FORK OHLINS - Andreani moto","robots":{"index":"index","follow":"follow","max-snippet":"max-snippet:-1","max-image-preview":"max-image-preview:large","max-video-preview":"max-video-preview:-1"},"canonical":"https:\/\/moto.andreanigroup.com\/en\/product\/nuova-cartuccia-ohlins-fkr-229-per-ducati-v4-r-s-2225-fork-ohlins\/","og_locale":"en_US","og_type":"article","og_title":"Nuova Cartuccia Ohlins FKR 229 per DUCATI V4 R\/S 22&gt;25 FORK OHLINS - Andreani moto","og_description":"SUPERSPORT &nbsp; FKR 200 \u00e8 l&#8217;ultima novit\u00e0 della nostra gamma di kit cartucce Supersport. Basato sulla collaudata tecnologia TTX di \u00d6hlins, il kit offre una serie di aggiornamenti pronti per la gara per portare la tua moto a un livello superiore. Le nuove impostazioni ottimizzate per le gare sono state ottimizzate per migliorare lo smorzamento [&hellip;]","og_url":"https:\/\/moto.andreanigroup.com\/en\/product\/nuova-cartuccia-ohlins-fkr-229-per-ducati-v4-r-s-2225-fork-ohlins\/","og_site_name":"Andreani moto","article_modified_time":"2026-02-12T14:52:46+00:00","og_image":[{"width":1000,"height":668,"url":"https:\/\/moto.andreanigroup.com\/wp-content\/uploads\/2026\/02\/FKR 229FKR 222-12.jpg","type":"image\/jpeg"}],"twitter_card":"summary_large_image","twitter_misc":{"Est. reading time":"1 minute"},"schema":{"@context":"https:\/\/schema.org","@graph":[{"@type":"WebPage","@id":"https:\/\/moto.andreanigroup.com\/en\/product\/nuova-cartuccia-ohlins-fkr-229-per-ducati-v4-r-s-2225-fork-ohlins\/","url":"https:\/\/moto.andreanigroup.com\/en\/product\/nuova-cartuccia-ohlins-fkr-229-per-ducati-v4-r-s-2225-fork-ohlins\/","name":"Nuova Cartuccia Ohlins FKR 229 per DUCATI V4 R\/S 22&gt;25 FORK OHLINS - Andreani moto","isPartOf":{"@id":"https:\/\/moto.andreanigroup.com\/en\/#website"},"primaryImageOfPage":{"@id":"https:\/\/moto.andreanigroup.com\/en\/product\/nuova-cartuccia-ohlins-fkr-229-per-ducati-v4-r-s-2225-fork-ohlins\/#primaryimage"},"image":{"@id":"https:\/\/moto.andreanigroup.com\/en\/product\/nuova-cartuccia-ohlins-fkr-229-per-ducati-v4-r-s-2225-fork-ohlins\/#primaryimage"},"thumbnailUrl":"https:\/\/moto.andreanigroup.com\/wp-content\/uploads\/2026\/02\/FKR 229FKR 222-12.jpg","datePublished":"2026-01-15T08:22:17+00:00","dateModified":"2026-02-12T14:52:46+00:00","breadcrumb":{"@id":"https:\/\/moto.andreanigroup.com\/en\/product\/nuova-cartuccia-ohlins-fkr-229-per-ducati-v4-r-s-2225-fork-ohlins\/#breadcrumb"},"inLanguage":"en-US","potentialAction":[{"@type":"ReadAction","target":["https:\/\/moto.andreanigroup.com\/en\/product\/nuova-cartuccia-ohlins-fkr-229-per-ducati-v4-r-s-2225-fork-ohlins\/"]}]},{"@type":"ImageObject","inLanguage":"en-US","@id":"https:\/\/moto.andreanigroup.com\/en\/product\/nuova-cartuccia-ohlins-fkr-229-per-ducati-v4-r-s-2225-fork-ohlins\/#primaryimage","url":"https:\/\/moto.andreanigroup.com\/wp-content\/uploads\/2026\/02\/FKR 229FKR 222-12.jpg","contentUrl":"https:\/\/moto.andreanigroup.com\/wp-content\/uploads\/2026\/02\/FKR 229FKR 222-12.jpg","width":1000,"height":668},{"@type":"BreadcrumbList","@id":"https:\/\/moto.andreanigroup.com\/en\/product\/nuova-cartuccia-ohlins-fkr-229-per-ducati-v4-r-s-2225-fork-ohlins\/#breadcrumb","itemListElement":[{"@type":"ListItem","position":1,"name":"Home","item":"https:\/\/moto.andreanigroup.com\/en\/"},{"@type":"ListItem","position":2,"name":"Shop","item":"https:\/\/moto.andreanigroup.com\/en\/shop-2\/"},{"@type":"ListItem","position":3,"name":"Nuova Cartuccia Ohlins FKR 229 per DUCATI V4 R\/S 22&gt;25 FORK OHLINS"}]},{"@type":"WebSite","@id":"https:\/\/moto.andreanigroup.com\/en\/#website","url":"https:\/\/moto.andreanigroup.com\/en\/","name":"Andreani moto","description":"","potentialAction":[{"@type":"SearchAction","target":{"@type":"EntryPoint","urlTemplate":"https:\/\/moto.andreanigroup.com\/en\/?s={search_term_string}"},"query-input":{"@type":"PropertyValueSpecification","valueRequired":true,"valueName":"search_term_string"}}],"inLanguage":"en-US"}]}},"_links":{"self":[{"href":"https:\/\/moto.andreanigroup.com\/en\/wp-json\/wp\/v2\/product\/444391","targetHints":{"allow":["GET"]}}],"collection":[{"href":"https:\/\/moto.andreanigroup.com\/en\/wp-json\/wp\/v2\/product"}],"about":[{"href":"https:\/\/moto.andreanigroup.com\/en\/wp-json\/wp\/v2\/types\/product"}],"wp:featuredmedia":[{"embeddable":true,"href":"https:\/\/moto.andreanigroup.com\/en\/wp-json\/wp\/v2\/media\/445653"}],"wp:attachment":[{"href":"https:\/\/moto.andreanigroup.com\/en\/wp-json\/wp\/v2\/media?parent=444391"}],"wp:term":[{"taxonomy":"product_cat","embeddable":true,"href":"https:\/\/moto.andreanigroup.com\/en\/wp-json\/wp\/v2\/product_cat?post=444391"},{"taxonomy":"product_tag","embeddable":true,"href":"https:\/\/moto.andreanigroup.com\/en\/wp-json\/wp\/v2\/product_tag?post=444391"}],"curies":[{"name":"wp","href":"https:\/\/api.w.org\/{rel}","templated":true}]}}