{"id":415161,"date":"2025-10-18T05:35:37","date_gmt":"2025-10-18T03:35:37","guid":{"rendered":"https:\/\/moto.andreanigroup.com\/product\/ttx46-ohlins-flow-dv-husqvarna-enduro-t46pr1c2w-2\/"},"modified":"2026-01-13T14:51:03","modified_gmt":"2026-01-13T13:51:03","slug":"ttx46-ohlins-flow-dv-husqvarna-enduro-t46pr1c2w-2","status":"publish","type":"product","link":"https:\/\/moto.andreanigroup.com\/en\/product\/ttx46-ohlins-flow-dv-husqvarna-enduro-t46pr1c2w-2\/","title":{"rendered":"TTX46 OHLINS Flow DV &#8211; HUSQVARNA ENDURO &#8211; T46PR1C2W"},"content":{"rendered":"<div><font face=\"Aptos\" color=\"black\">Il nuovo ammortizzatore TTX FLOW Double Valve, che si differenzia dal modello precedente per la possibilit\u00e0 di regolare sia le alte che le basse velocit\u00e0 di compressione con un nuovo registro brevettato \u00d6hlins, garantisce una migliore trazione e una capacit\u00e0 di copiare meglio gli avvallamenti e i terreni sconnessi, riuscendo a stressare meno il telaio.<\/font><\/div>\n<div><font face=\"Aptos\" color=\"black\">Tecnologia TTX.<\/font><\/div>\n<div><font face=\"Aptos\" color=\"black\">Pistone da 46mm e stelo pompante da 16mm.<\/font><\/div>\n<div><font face=\"Aptos\" color=\"black\">Serbatoio di azoto da 58mm, disponibile per la maggior parte delle applicazioni.<\/font><\/div>\n<div><font face=\"Aptos\" color=\"black\">Tecnologia di pressurizzazione brevettata.<\/font><\/div>\n<div><font face=\"Aptos\" color=\"black\">Attenzione! Il prodotto viene fornito senza Molla, la molla dedicata al peso del pilota ha un costo aggiuntivo di 129 euro +iva.<\/font><\/div>\n","protected":false},"excerpt":{"rendered":"<p>Il nuovo ammortizzatore TTX FLOW Double Valve, che si differenzia dal modello precedente per la possibilit\u00e0 di regolare sia le alte che le basse velocit\u00e0 di compressione con un nuovo registro brevettato \u00d6hlins, garantisce una migliore trazione e una capacit\u00e0 di copiare meglio gli avvallamenti e i terreni sconnessi, riuscendo a stressare meno il telaio. [&hellip;]<\/p>\n","protected":false},"featured_media":443643,"template":"","meta":{"inline_featured_image":false},"product_cat":[59],"product_tag":[70],"class_list":{"0":"post-415161","1":"product","2":"type-product","3":"status-publish","4":"has-post-thumbnail","6":"product_brand-ohlins","7":"product_cat-ammortizzatori-moto","8":"product_tag-ohlins","10":"first","11":"instock","12":"taxable","13":"shipping-taxable","14":"purchasable","15":"product-type-simple"},"yoast_head":"<!-- This site is optimized with the Yoast SEO plugin v27.0 - https:\/\/yoast.com\/product\/yoast-seo-wordpress\/ -->\n<title>TTX46 OHLINS Flow DV - HUSQVARNA ENDURO - T46PR1C2W - Andreani moto<\/title>\n<meta name=\"robots\" content=\"index, follow, max-snippet:-1, max-image-preview:large, max-video-preview:-1\" \/>\n<link rel=\"canonical\" href=\"https:\/\/moto.andreanigroup.com\/en\/product\/ttx46-ohlins-flow-dv-husqvarna-enduro-t46pr1c2w-2\/\" \/>\n<meta property=\"og:locale\" content=\"en_US\" \/>\n<meta property=\"og:type\" content=\"article\" \/>\n<meta property=\"og:title\" content=\"TTX46 OHLINS Flow DV - HUSQVARNA ENDURO - T46PR1C2W - Andreani moto\" \/>\n<meta property=\"og:description\" content=\"Il nuovo ammortizzatore TTX FLOW Double Valve, che si differenzia dal modello precedente per la possibilit\u00e0 di regolare sia le alte che le basse velocit\u00e0 di compressione con un nuovo registro brevettato \u00d6hlins, garantisce una migliore trazione e una capacit\u00e0 di copiare meglio gli avvallamenti e i terreni sconnessi, riuscendo a stressare meno il telaio. [&hellip;]\" \/>\n<meta property=\"og:url\" content=\"https:\/\/moto.andreanigroup.com\/en\/product\/ttx46-ohlins-flow-dv-husqvarna-enduro-t46pr1c2w-2\/\" \/>\n<meta property=\"og:site_name\" content=\"Andreani moto\" \/>\n<meta property=\"article:modified_time\" content=\"2026-01-13T13:51:03+00:00\" \/>\n<meta property=\"og:image\" content=\"https:\/\/moto.andreanigroup.com\/wp-content\/uploads\/2025\/10\/DMX%201310img-00001509.jpg\" \/>\n\t<meta property=\"og:image:width\" content=\"900\" \/>\n\t<meta property=\"og:image:height\" content=\"600\" \/>\n\t<meta property=\"og:image:type\" content=\"image\/jpeg\" \/>\n<meta name=\"twitter:card\" content=\"summary_large_image\" \/>\n<meta name=\"twitter:label1\" content=\"Est. reading time\" \/>\n\t<meta name=\"twitter:data1\" content=\"1 minute\" \/>\n<script type=\"application\/ld+json\" class=\"yoast-schema-graph\">{\"@context\":\"https:\/\/schema.org\",\"@graph\":[{\"@type\":\"WebPage\",\"@id\":\"https:\/\/moto.andreanigroup.com\/en\/product\/ttx46-ohlins-flow-dv-husqvarna-enduro-t46pr1c2w-2\/\",\"url\":\"https:\/\/moto.andreanigroup.com\/en\/product\/ttx46-ohlins-flow-dv-husqvarna-enduro-t46pr1c2w-2\/\",\"name\":\"TTX46 OHLINS Flow DV - HUSQVARNA ENDURO - T46PR1C2W - Andreani moto\",\"isPartOf\":{\"@id\":\"https:\/\/moto.andreanigroup.com\/en\/#website\"},\"primaryImageOfPage\":{\"@id\":\"https:\/\/moto.andreanigroup.com\/en\/product\/ttx46-ohlins-flow-dv-husqvarna-enduro-t46pr1c2w-2\/#primaryimage\"},\"image\":{\"@id\":\"https:\/\/moto.andreanigroup.com\/en\/product\/ttx46-ohlins-flow-dv-husqvarna-enduro-t46pr1c2w-2\/#primaryimage\"},\"thumbnailUrl\":\"https:\/\/moto.andreanigroup.com\/wp-content\/uploads\/2026\/01\/DMX 1310img-00001509.jpg\",\"datePublished\":\"2025-10-18T03:35:37+00:00\",\"dateModified\":\"2026-01-13T13:51:03+00:00\",\"breadcrumb\":{\"@id\":\"https:\/\/moto.andreanigroup.com\/en\/product\/ttx46-ohlins-flow-dv-husqvarna-enduro-t46pr1c2w-2\/#breadcrumb\"},\"inLanguage\":\"en-US\",\"potentialAction\":[{\"@type\":\"ReadAction\",\"target\":[\"https:\/\/moto.andreanigroup.com\/en\/product\/ttx46-ohlins-flow-dv-husqvarna-enduro-t46pr1c2w-2\/\"]}]},{\"@type\":\"ImageObject\",\"inLanguage\":\"en-US\",\"@id\":\"https:\/\/moto.andreanigroup.com\/en\/product\/ttx46-ohlins-flow-dv-husqvarna-enduro-t46pr1c2w-2\/#primaryimage\",\"url\":\"https:\/\/moto.andreanigroup.com\/wp-content\/uploads\/2026\/01\/DMX 1310img-00001509.jpg\",\"contentUrl\":\"https:\/\/moto.andreanigroup.com\/wp-content\/uploads\/2026\/01\/DMX 1310img-00001509.jpg\",\"width\":900,\"height\":600},{\"@type\":\"BreadcrumbList\",\"@id\":\"https:\/\/moto.andreanigroup.com\/en\/product\/ttx46-ohlins-flow-dv-husqvarna-enduro-t46pr1c2w-2\/#breadcrumb\",\"itemListElement\":[{\"@type\":\"ListItem\",\"position\":1,\"name\":\"Home\",\"item\":\"https:\/\/moto.andreanigroup.com\/en\/\"},{\"@type\":\"ListItem\",\"position\":2,\"name\":\"Shop\",\"item\":\"https:\/\/moto.andreanigroup.com\/en\/shop-2\/\"},{\"@type\":\"ListItem\",\"position\":3,\"name\":\"TTX46 OHLINS Flow DV &#8211; HUSQVARNA ENDURO &#8211; T46PR1C2W\"}]},{\"@type\":\"WebSite\",\"@id\":\"https:\/\/moto.andreanigroup.com\/en\/#website\",\"url\":\"https:\/\/moto.andreanigroup.com\/en\/\",\"name\":\"Andreani moto\",\"description\":\"\",\"potentialAction\":[{\"@type\":\"SearchAction\",\"target\":{\"@type\":\"EntryPoint\",\"urlTemplate\":\"https:\/\/moto.andreanigroup.com\/en\/?s={search_term_string}\"},\"query-input\":{\"@type\":\"PropertyValueSpecification\",\"valueRequired\":true,\"valueName\":\"search_term_string\"}}],\"inLanguage\":\"en-US\"}]}<\/script>\n<!-- \/ Yoast SEO plugin. -->","yoast_head_json":{"title":"TTX46 OHLINS Flow DV - HUSQVARNA ENDURO - T46PR1C2W - Andreani moto","robots":{"index":"index","follow":"follow","max-snippet":"max-snippet:-1","max-image-preview":"max-image-preview:large","max-video-preview":"max-video-preview:-1"},"canonical":"https:\/\/moto.andreanigroup.com\/en\/product\/ttx46-ohlins-flow-dv-husqvarna-enduro-t46pr1c2w-2\/","og_locale":"en_US","og_type":"article","og_title":"TTX46 OHLINS Flow DV - HUSQVARNA ENDURO - T46PR1C2W - Andreani moto","og_description":"Il nuovo ammortizzatore TTX FLOW Double Valve, che si differenzia dal modello precedente per la possibilit\u00e0 di regolare sia le alte che le basse velocit\u00e0 di compressione con un nuovo registro brevettato \u00d6hlins, garantisce una migliore trazione e una capacit\u00e0 di copiare meglio gli avvallamenti e i terreni sconnessi, riuscendo a stressare meno il telaio. [&hellip;]","og_url":"https:\/\/moto.andreanigroup.com\/en\/product\/ttx46-ohlins-flow-dv-husqvarna-enduro-t46pr1c2w-2\/","og_site_name":"Andreani moto","article_modified_time":"2026-01-13T13:51:03+00:00","og_image":[{"width":900,"height":600,"url":"https:\/\/moto.andreanigroup.com\/wp-content\/uploads\/2025\/10\/DMX 1310img-00001509.jpg","type":"image\/jpeg"}],"twitter_card":"summary_large_image","twitter_misc":{"Est. reading time":"1 minute"},"schema":{"@context":"https:\/\/schema.org","@graph":[{"@type":"WebPage","@id":"https:\/\/moto.andreanigroup.com\/en\/product\/ttx46-ohlins-flow-dv-husqvarna-enduro-t46pr1c2w-2\/","url":"https:\/\/moto.andreanigroup.com\/en\/product\/ttx46-ohlins-flow-dv-husqvarna-enduro-t46pr1c2w-2\/","name":"TTX46 OHLINS Flow DV - HUSQVARNA ENDURO - T46PR1C2W - Andreani moto","isPartOf":{"@id":"https:\/\/moto.andreanigroup.com\/en\/#website"},"primaryImageOfPage":{"@id":"https:\/\/moto.andreanigroup.com\/en\/product\/ttx46-ohlins-flow-dv-husqvarna-enduro-t46pr1c2w-2\/#primaryimage"},"image":{"@id":"https:\/\/moto.andreanigroup.com\/en\/product\/ttx46-ohlins-flow-dv-husqvarna-enduro-t46pr1c2w-2\/#primaryimage"},"thumbnailUrl":"https:\/\/moto.andreanigroup.com\/wp-content\/uploads\/2026\/01\/DMX 1310img-00001509.jpg","datePublished":"2025-10-18T03:35:37+00:00","dateModified":"2026-01-13T13:51:03+00:00","breadcrumb":{"@id":"https:\/\/moto.andreanigroup.com\/en\/product\/ttx46-ohlins-flow-dv-husqvarna-enduro-t46pr1c2w-2\/#breadcrumb"},"inLanguage":"en-US","potentialAction":[{"@type":"ReadAction","target":["https:\/\/moto.andreanigroup.com\/en\/product\/ttx46-ohlins-flow-dv-husqvarna-enduro-t46pr1c2w-2\/"]}]},{"@type":"ImageObject","inLanguage":"en-US","@id":"https:\/\/moto.andreanigroup.com\/en\/product\/ttx46-ohlins-flow-dv-husqvarna-enduro-t46pr1c2w-2\/#primaryimage","url":"https:\/\/moto.andreanigroup.com\/wp-content\/uploads\/2026\/01\/DMX 1310img-00001509.jpg","contentUrl":"https:\/\/moto.andreanigroup.com\/wp-content\/uploads\/2026\/01\/DMX 1310img-00001509.jpg","width":900,"height":600},{"@type":"BreadcrumbList","@id":"https:\/\/moto.andreanigroup.com\/en\/product\/ttx46-ohlins-flow-dv-husqvarna-enduro-t46pr1c2w-2\/#breadcrumb","itemListElement":[{"@type":"ListItem","position":1,"name":"Home","item":"https:\/\/moto.andreanigroup.com\/en\/"},{"@type":"ListItem","position":2,"name":"Shop","item":"https:\/\/moto.andreanigroup.com\/en\/shop-2\/"},{"@type":"ListItem","position":3,"name":"TTX46 OHLINS Flow DV &#8211; HUSQVARNA ENDURO &#8211; T46PR1C2W"}]},{"@type":"WebSite","@id":"https:\/\/moto.andreanigroup.com\/en\/#website","url":"https:\/\/moto.andreanigroup.com\/en\/","name":"Andreani moto","description":"","potentialAction":[{"@type":"SearchAction","target":{"@type":"EntryPoint","urlTemplate":"https:\/\/moto.andreanigroup.com\/en\/?s={search_term_string}"},"query-input":{"@type":"PropertyValueSpecification","valueRequired":true,"valueName":"search_term_string"}}],"inLanguage":"en-US"}]}},"_links":{"self":[{"href":"https:\/\/moto.andreanigroup.com\/en\/wp-json\/wp\/v2\/product\/415161","targetHints":{"allow":["GET"]}}],"collection":[{"href":"https:\/\/moto.andreanigroup.com\/en\/wp-json\/wp\/v2\/product"}],"about":[{"href":"https:\/\/moto.andreanigroup.com\/en\/wp-json\/wp\/v2\/types\/product"}],"wp:featuredmedia":[{"embeddable":true,"href":"https:\/\/moto.andreanigroup.com\/en\/wp-json\/wp\/v2\/media\/443643"}],"wp:attachment":[{"href":"https:\/\/moto.andreanigroup.com\/en\/wp-json\/wp\/v2\/media?parent=415161"}],"wp:term":[{"taxonomy":"product_cat","embeddable":true,"href":"https:\/\/moto.andreanigroup.com\/en\/wp-json\/wp\/v2\/product_cat?post=415161"},{"taxonomy":"product_tag","embeddable":true,"href":"https:\/\/moto.andreanigroup.com\/en\/wp-json\/wp\/v2\/product_tag?post=415161"}],"curies":[{"name":"wp","href":"https:\/\/api.w.org\/{rel}","templated":true}]}}