{"id":403643,"date":"2025-10-08T22:16:30","date_gmt":"2025-10-08T20:16:30","guid":{"rendered":"https:\/\/moto.andreanigroup.com\/product\/articolo-ffx-2207-fork-for-yamaha-yz-125-250\/"},"modified":"2026-03-23T22:14:07","modified_gmt":"2026-03-23T21:14:07","slug":"articolo-ffx-2207-fork-for-yamaha-yz-125-250","status":"publish","type":"product","link":"https:\/\/moto.andreanigroup.com\/en\/product\/articolo-ffx-2207-fork-for-yamaha-yz-125-250\/","title":{"rendered":"Articolo FFX 2207 FORK FOR YAMAHA YZ 125\/250"},"content":{"rendered":"<div>La forcella anteriore \u00d6hlins da 48 mm completamente carica con il kit cartuccia TTX 22 all\u2019interno. La forcella anteriore \u00d6hlins da 48 mm \u00e8 caricata con la pi\u00f9 recente tecnologia per forcelle anteriori \u00d6hlins. Le prestazioni del pistone principale nel kit cartuccia all\u2019interno sono complessivamente migliori grazie alle molle montate sul kit e i tubi interni hanno un trattamento all\u2019ossido di titanio. I motociclisti sperimenteranno meno fading poich\u00e9 le guarnizioni montate lavorano per prevenire questo e il rumore di fine corsa \u00e8 ridotto al minimo grazie alla gomma di fine corsa utilizzata.<\/div>\n<div>&nbsp;<\/div>\n<div>L\u2019unit\u00e0 valvola di ritegno aiuta la forcella a rimanere sollevata in corsa senza risultare troppo dura, il che migliora anche le prestazioni complessive della forcella anteriore. La forcella anteriore \u00e8 stata progettata in modo che sia sufficientemente dura da resistere alle pietre ma sia comunque sufficientemente solida da prevenire la corrosione. La forcella anteriore \u00e8 inoltre dotata di adesivi protettivi per il tubo esterno per proteggere il tubo esterno fino al morsetto inferiore.<\/div>\n","protected":false},"excerpt":{"rendered":"<p>La forcella anteriore \u00d6hlins da 48 mm completamente carica con il kit cartuccia TTX 22 all\u2019interno. La forcella anteriore \u00d6hlins da 48 mm \u00e8 caricata con la pi\u00f9 recente tecnologia per forcelle anteriori \u00d6hlins. Le prestazioni del pistone principale nel kit cartuccia all\u2019interno sono complessivamente migliori grazie alle molle montate sul kit e i tubi [&hellip;]<\/p>\n","protected":false},"featured_media":449862,"template":"","meta":{"inline_featured_image":false},"product_cat":[75],"product_tag":[70],"class_list":{"0":"post-403643","1":"product","2":"type-product","3":"status-publish","4":"has-post-thumbnail","6":"product_brand-ohlins","7":"product_cat-forcelle","8":"product_tag-ohlins","10":"first","11":"instock","12":"taxable","13":"shipping-taxable","14":"purchasable","15":"product-type-simple"},"yoast_head":"<!-- This site is optimized with the Yoast SEO plugin v27.0 - https:\/\/yoast.com\/product\/yoast-seo-wordpress\/ -->\n<title>Articolo FFX 2207 FORK FOR YAMAHA YZ 125\/250 - Andreani moto<\/title>\n<meta name=\"robots\" content=\"index, follow, max-snippet:-1, max-image-preview:large, max-video-preview:-1\" \/>\n<link rel=\"canonical\" href=\"https:\/\/moto.andreanigroup.com\/en\/product\/articolo-ffx-2207-fork-for-yamaha-yz-125-250\/\" \/>\n<meta property=\"og:locale\" content=\"en_US\" \/>\n<meta property=\"og:type\" content=\"article\" \/>\n<meta property=\"og:title\" content=\"Articolo FFX 2207 FORK FOR YAMAHA YZ 125\/250 - Andreani moto\" \/>\n<meta property=\"og:description\" content=\"La forcella anteriore \u00d6hlins da 48 mm completamente carica con il kit cartuccia TTX 22 all\u2019interno. La forcella anteriore \u00d6hlins da 48 mm \u00e8 caricata con la pi\u00f9 recente tecnologia per forcelle anteriori \u00d6hlins. Le prestazioni del pistone principale nel kit cartuccia all\u2019interno sono complessivamente migliori grazie alle molle montate sul kit e i tubi [&hellip;]\" \/>\n<meta property=\"og:url\" content=\"https:\/\/moto.andreanigroup.com\/en\/product\/articolo-ffx-2207-fork-for-yamaha-yz-125-250\/\" \/>\n<meta property=\"og:site_name\" content=\"Andreani moto\" \/>\n<meta property=\"article:modified_time\" content=\"2026-03-23T21:14:07+00:00\" \/>\n<meta property=\"og:image\" content=\"https:\/\/moto.andreanigroup.com\/wp-content\/uploads\/2026\/02\/FFX%202207img-00001520.jpg\" \/>\n\t<meta property=\"og:image:width\" content=\"900\" \/>\n\t<meta property=\"og:image:height\" content=\"600\" \/>\n\t<meta property=\"og:image:type\" content=\"image\/jpeg\" \/>\n<meta name=\"twitter:card\" content=\"summary_large_image\" \/>\n<meta name=\"twitter:label1\" content=\"Est. reading time\" \/>\n\t<meta name=\"twitter:data1\" content=\"1 minute\" \/>\n<script type=\"application\/ld+json\" class=\"yoast-schema-graph\">{\"@context\":\"https:\/\/schema.org\",\"@graph\":[{\"@type\":\"WebPage\",\"@id\":\"https:\/\/moto.andreanigroup.com\/en\/product\/articolo-ffx-2207-fork-for-yamaha-yz-125-250\/\",\"url\":\"https:\/\/moto.andreanigroup.com\/en\/product\/articolo-ffx-2207-fork-for-yamaha-yz-125-250\/\",\"name\":\"Articolo FFX 2207 FORK FOR YAMAHA YZ 125\/250 - Andreani moto\",\"isPartOf\":{\"@id\":\"https:\/\/moto.andreanigroup.com\/en\/#website\"},\"primaryImageOfPage\":{\"@id\":\"https:\/\/moto.andreanigroup.com\/en\/product\/articolo-ffx-2207-fork-for-yamaha-yz-125-250\/#primaryimage\"},\"image\":{\"@id\":\"https:\/\/moto.andreanigroup.com\/en\/product\/articolo-ffx-2207-fork-for-yamaha-yz-125-250\/#primaryimage\"},\"thumbnailUrl\":\"https:\/\/moto.andreanigroup.com\/wp-content\/uploads\/2026\/03\/FFX 2207img-00001520.jpg\",\"datePublished\":\"2025-10-08T20:16:30+00:00\",\"dateModified\":\"2026-03-23T21:14:07+00:00\",\"breadcrumb\":{\"@id\":\"https:\/\/moto.andreanigroup.com\/en\/product\/articolo-ffx-2207-fork-for-yamaha-yz-125-250\/#breadcrumb\"},\"inLanguage\":\"en-US\",\"potentialAction\":[{\"@type\":\"ReadAction\",\"target\":[\"https:\/\/moto.andreanigroup.com\/en\/product\/articolo-ffx-2207-fork-for-yamaha-yz-125-250\/\"]}]},{\"@type\":\"ImageObject\",\"inLanguage\":\"en-US\",\"@id\":\"https:\/\/moto.andreanigroup.com\/en\/product\/articolo-ffx-2207-fork-for-yamaha-yz-125-250\/#primaryimage\",\"url\":\"https:\/\/moto.andreanigroup.com\/wp-content\/uploads\/2026\/03\/FFX 2207img-00001520.jpg\",\"contentUrl\":\"https:\/\/moto.andreanigroup.com\/wp-content\/uploads\/2026\/03\/FFX 2207img-00001520.jpg\",\"width\":900,\"height\":600},{\"@type\":\"BreadcrumbList\",\"@id\":\"https:\/\/moto.andreanigroup.com\/en\/product\/articolo-ffx-2207-fork-for-yamaha-yz-125-250\/#breadcrumb\",\"itemListElement\":[{\"@type\":\"ListItem\",\"position\":1,\"name\":\"Home\",\"item\":\"https:\/\/moto.andreanigroup.com\/en\/\"},{\"@type\":\"ListItem\",\"position\":2,\"name\":\"Shop\",\"item\":\"https:\/\/moto.andreanigroup.com\/en\/shop-2\/\"},{\"@type\":\"ListItem\",\"position\":3,\"name\":\"Articolo FFX 2207 FORK FOR YAMAHA YZ 125\/250\"}]},{\"@type\":\"WebSite\",\"@id\":\"https:\/\/moto.andreanigroup.com\/en\/#website\",\"url\":\"https:\/\/moto.andreanigroup.com\/en\/\",\"name\":\"Andreani moto\",\"description\":\"\",\"potentialAction\":[{\"@type\":\"SearchAction\",\"target\":{\"@type\":\"EntryPoint\",\"urlTemplate\":\"https:\/\/moto.andreanigroup.com\/en\/?s={search_term_string}\"},\"query-input\":{\"@type\":\"PropertyValueSpecification\",\"valueRequired\":true,\"valueName\":\"search_term_string\"}}],\"inLanguage\":\"en-US\"}]}<\/script>\n<!-- \/ Yoast SEO plugin. -->","yoast_head_json":{"title":"Articolo FFX 2207 FORK FOR YAMAHA YZ 125\/250 - Andreani moto","robots":{"index":"index","follow":"follow","max-snippet":"max-snippet:-1","max-image-preview":"max-image-preview:large","max-video-preview":"max-video-preview:-1"},"canonical":"https:\/\/moto.andreanigroup.com\/en\/product\/articolo-ffx-2207-fork-for-yamaha-yz-125-250\/","og_locale":"en_US","og_type":"article","og_title":"Articolo FFX 2207 FORK FOR YAMAHA YZ 125\/250 - Andreani moto","og_description":"La forcella anteriore \u00d6hlins da 48 mm completamente carica con il kit cartuccia TTX 22 all\u2019interno. La forcella anteriore \u00d6hlins da 48 mm \u00e8 caricata con la pi\u00f9 recente tecnologia per forcelle anteriori \u00d6hlins. Le prestazioni del pistone principale nel kit cartuccia all\u2019interno sono complessivamente migliori grazie alle molle montate sul kit e i tubi [&hellip;]","og_url":"https:\/\/moto.andreanigroup.com\/en\/product\/articolo-ffx-2207-fork-for-yamaha-yz-125-250\/","og_site_name":"Andreani moto","article_modified_time":"2026-03-23T21:14:07+00:00","og_image":[{"width":900,"height":600,"url":"https:\/\/moto.andreanigroup.com\/wp-content\/uploads\/2026\/02\/FFX 2207img-00001520.jpg","type":"image\/jpeg"}],"twitter_card":"summary_large_image","twitter_misc":{"Est. reading time":"1 minute"},"schema":{"@context":"https:\/\/schema.org","@graph":[{"@type":"WebPage","@id":"https:\/\/moto.andreanigroup.com\/en\/product\/articolo-ffx-2207-fork-for-yamaha-yz-125-250\/","url":"https:\/\/moto.andreanigroup.com\/en\/product\/articolo-ffx-2207-fork-for-yamaha-yz-125-250\/","name":"Articolo FFX 2207 FORK FOR YAMAHA YZ 125\/250 - Andreani moto","isPartOf":{"@id":"https:\/\/moto.andreanigroup.com\/en\/#website"},"primaryImageOfPage":{"@id":"https:\/\/moto.andreanigroup.com\/en\/product\/articolo-ffx-2207-fork-for-yamaha-yz-125-250\/#primaryimage"},"image":{"@id":"https:\/\/moto.andreanigroup.com\/en\/product\/articolo-ffx-2207-fork-for-yamaha-yz-125-250\/#primaryimage"},"thumbnailUrl":"https:\/\/moto.andreanigroup.com\/wp-content\/uploads\/2026\/03\/FFX 2207img-00001520.jpg","datePublished":"2025-10-08T20:16:30+00:00","dateModified":"2026-03-23T21:14:07+00:00","breadcrumb":{"@id":"https:\/\/moto.andreanigroup.com\/en\/product\/articolo-ffx-2207-fork-for-yamaha-yz-125-250\/#breadcrumb"},"inLanguage":"en-US","potentialAction":[{"@type":"ReadAction","target":["https:\/\/moto.andreanigroup.com\/en\/product\/articolo-ffx-2207-fork-for-yamaha-yz-125-250\/"]}]},{"@type":"ImageObject","inLanguage":"en-US","@id":"https:\/\/moto.andreanigroup.com\/en\/product\/articolo-ffx-2207-fork-for-yamaha-yz-125-250\/#primaryimage","url":"https:\/\/moto.andreanigroup.com\/wp-content\/uploads\/2026\/03\/FFX 2207img-00001520.jpg","contentUrl":"https:\/\/moto.andreanigroup.com\/wp-content\/uploads\/2026\/03\/FFX 2207img-00001520.jpg","width":900,"height":600},{"@type":"BreadcrumbList","@id":"https:\/\/moto.andreanigroup.com\/en\/product\/articolo-ffx-2207-fork-for-yamaha-yz-125-250\/#breadcrumb","itemListElement":[{"@type":"ListItem","position":1,"name":"Home","item":"https:\/\/moto.andreanigroup.com\/en\/"},{"@type":"ListItem","position":2,"name":"Shop","item":"https:\/\/moto.andreanigroup.com\/en\/shop-2\/"},{"@type":"ListItem","position":3,"name":"Articolo FFX 2207 FORK FOR YAMAHA YZ 125\/250"}]},{"@type":"WebSite","@id":"https:\/\/moto.andreanigroup.com\/en\/#website","url":"https:\/\/moto.andreanigroup.com\/en\/","name":"Andreani moto","description":"","potentialAction":[{"@type":"SearchAction","target":{"@type":"EntryPoint","urlTemplate":"https:\/\/moto.andreanigroup.com\/en\/?s={search_term_string}"},"query-input":{"@type":"PropertyValueSpecification","valueRequired":true,"valueName":"search_term_string"}}],"inLanguage":"en-US"}]}},"_links":{"self":[{"href":"https:\/\/moto.andreanigroup.com\/en\/wp-json\/wp\/v2\/product\/403643","targetHints":{"allow":["GET"]}}],"collection":[{"href":"https:\/\/moto.andreanigroup.com\/en\/wp-json\/wp\/v2\/product"}],"about":[{"href":"https:\/\/moto.andreanigroup.com\/en\/wp-json\/wp\/v2\/types\/product"}],"wp:featuredmedia":[{"embeddable":true,"href":"https:\/\/moto.andreanigroup.com\/en\/wp-json\/wp\/v2\/media\/449862"}],"wp:attachment":[{"href":"https:\/\/moto.andreanigroup.com\/en\/wp-json\/wp\/v2\/media?parent=403643"}],"wp:term":[{"taxonomy":"product_cat","embeddable":true,"href":"https:\/\/moto.andreanigroup.com\/en\/wp-json\/wp\/v2\/product_cat?post=403643"},{"taxonomy":"product_tag","embeddable":true,"href":"https:\/\/moto.andreanigroup.com\/en\/wp-json\/wp\/v2\/product_tag?post=403643"}],"curies":[{"name":"wp","href":"https:\/\/api.w.org\/{rel}","templated":true}]}}