{"id":385286,"date":"2025-09-10T22:16:03","date_gmt":"2025-09-10T20:16:03","guid":{"rendered":"https:\/\/moto.andreanigroup.com\/product\/cartuccia-honda-cb-1000-hornet-hornet-sp-mod-nix30\/"},"modified":"2026-01-13T13:48:57","modified_gmt":"2026-01-13T12:48:57","slug":"cartuccia-honda-cb-1000-hornet-hornet-sp-mod-nix30","status":"publish","type":"product","link":"https:\/\/moto.andreanigroup.com\/en\/product\/cartuccia-honda-cb-1000-hornet-hornet-sp-mod-nix30\/","title":{"rendered":"CARTUCCIA HONDA CB 1000 Hornet\/Hornet SP &#8211; mod. NIX30"},"content":{"rendered":"<div>Migliora le prestazioni della tua moto sportiva leggera o da strada con il kit di cartucce \u00d6hlins NIX30 Street. Sviluppato sulla base della tecnologia impiegata nel WSBK e in altre serie di alto livello, il kit NIX30 Street \u00e8 un versatile upgrade delle prestazioni, ottimizzato sia per l&#8217;uso su strada che in pista. Imposta le cartucce in modalit\u00e0 comfort per assorbire le asperit\u00e0 e ottenere una guida in stile crociera, oppure passa alla modalit\u00e0 sport per una cartuccia pi\u00f9 rigida quando vuoi attaccare le curve ed essere pi\u00f9 agile in pista. Con il kit NIX30 Street, la scelta \u00e8 tua.<\/div>\n","protected":false},"excerpt":{"rendered":"<p>Migliora le prestazioni della tua moto sportiva leggera o da strada con il kit di cartucce \u00d6hlins NIX30 Street. Sviluppato sulla base della tecnologia impiegata nel WSBK e in altre serie di alto livello, il kit NIX30 Street \u00e8 un versatile upgrade delle prestazioni, ottimizzato sia per l&#8217;uso su strada che in pista. Imposta le [&hellip;]<\/p>\n","protected":false},"featured_media":443234,"template":"","meta":{"inline_featured_image":false},"product_cat":[25],"product_tag":[70],"class_list":{"0":"post-385286","1":"product","2":"type-product","3":"status-publish","4":"has-post-thumbnail","6":"product_brand-ohlins","7":"product_cat-cartucce-forcella","8":"product_tag-ohlins","10":"first","11":"instock","12":"taxable","13":"shipping-taxable","14":"purchasable","15":"product-type-simple"},"yoast_head":"<!-- This site is optimized with the Yoast SEO plugin v27.0 - https:\/\/yoast.com\/product\/yoast-seo-wordpress\/ -->\n<title>CARTUCCIA HONDA CB 1000 Hornet\/Hornet SP - mod. NIX30 - Andreani moto<\/title>\n<meta name=\"robots\" content=\"index, follow, max-snippet:-1, max-image-preview:large, max-video-preview:-1\" \/>\n<link rel=\"canonical\" href=\"https:\/\/moto.andreanigroup.com\/en\/product\/cartuccia-honda-cb-1000-hornet-hornet-sp-mod-nix30\/\" \/>\n<meta property=\"og:locale\" content=\"en_US\" \/>\n<meta property=\"og:type\" content=\"article\" \/>\n<meta property=\"og:title\" content=\"CARTUCCIA HONDA CB 1000 Hornet\/Hornet SP - mod. NIX30 - Andreani moto\" \/>\n<meta property=\"og:description\" content=\"Migliora le prestazioni della tua moto sportiva leggera o da strada con il kit di cartucce \u00d6hlins NIX30 Street. Sviluppato sulla base della tecnologia impiegata nel WSBK e in altre serie di alto livello, il kit NIX30 Street \u00e8 un versatile upgrade delle prestazioni, ottimizzato sia per l&#8217;uso su strada che in pista. Imposta le [&hellip;]\" \/>\n<meta property=\"og:url\" content=\"https:\/\/moto.andreanigroup.com\/en\/product\/cartuccia-honda-cb-1000-hornet-hornet-sp-mod-nix30\/\" \/>\n<meta property=\"og:site_name\" content=\"Andreani moto\" \/>\n<meta property=\"article:modified_time\" content=\"2026-01-13T12:48:57+00:00\" \/>\n<meta property=\"og:image\" content=\"https:\/\/moto.andreanigroup.com\/wp-content\/uploads\/2025\/10\/FKS%20529cartucce-forcella-ohlins-yamaha-r-25-r3-2019-2020.jpg\" \/>\n\t<meta property=\"og:image:width\" content=\"800\" \/>\n\t<meta property=\"og:image:height\" content=\"800\" \/>\n\t<meta property=\"og:image:type\" content=\"image\/jpeg\" \/>\n<meta name=\"twitter:card\" content=\"summary_large_image\" \/>\n<script type=\"application\/ld+json\" class=\"yoast-schema-graph\">{\"@context\":\"https:\/\/schema.org\",\"@graph\":[{\"@type\":\"WebPage\",\"@id\":\"https:\/\/moto.andreanigroup.com\/en\/product\/cartuccia-honda-cb-1000-hornet-hornet-sp-mod-nix30\/\",\"url\":\"https:\/\/moto.andreanigroup.com\/en\/product\/cartuccia-honda-cb-1000-hornet-hornet-sp-mod-nix30\/\",\"name\":\"CARTUCCIA HONDA CB 1000 Hornet\/Hornet SP - mod. NIX30 - Andreani moto\",\"isPartOf\":{\"@id\":\"https:\/\/moto.andreanigroup.com\/en\/#website\"},\"primaryImageOfPage\":{\"@id\":\"https:\/\/moto.andreanigroup.com\/en\/product\/cartuccia-honda-cb-1000-hornet-hornet-sp-mod-nix30\/#primaryimage\"},\"image\":{\"@id\":\"https:\/\/moto.andreanigroup.com\/en\/product\/cartuccia-honda-cb-1000-hornet-hornet-sp-mod-nix30\/#primaryimage\"},\"thumbnailUrl\":\"https:\/\/moto.andreanigroup.com\/wp-content\/uploads\/2026\/01\/FKS 529cartucce-forcella-ohlins-yamaha-r-25-r3-2019-2020.jpg\",\"datePublished\":\"2025-09-10T20:16:03+00:00\",\"dateModified\":\"2026-01-13T12:48:57+00:00\",\"breadcrumb\":{\"@id\":\"https:\/\/moto.andreanigroup.com\/en\/product\/cartuccia-honda-cb-1000-hornet-hornet-sp-mod-nix30\/#breadcrumb\"},\"inLanguage\":\"en-US\",\"potentialAction\":[{\"@type\":\"ReadAction\",\"target\":[\"https:\/\/moto.andreanigroup.com\/en\/product\/cartuccia-honda-cb-1000-hornet-hornet-sp-mod-nix30\/\"]}]},{\"@type\":\"ImageObject\",\"inLanguage\":\"en-US\",\"@id\":\"https:\/\/moto.andreanigroup.com\/en\/product\/cartuccia-honda-cb-1000-hornet-hornet-sp-mod-nix30\/#primaryimage\",\"url\":\"https:\/\/moto.andreanigroup.com\/wp-content\/uploads\/2026\/01\/FKS 529cartucce-forcella-ohlins-yamaha-r-25-r3-2019-2020.jpg\",\"contentUrl\":\"https:\/\/moto.andreanigroup.com\/wp-content\/uploads\/2026\/01\/FKS 529cartucce-forcella-ohlins-yamaha-r-25-r3-2019-2020.jpg\",\"width\":800,\"height\":800},{\"@type\":\"BreadcrumbList\",\"@id\":\"https:\/\/moto.andreanigroup.com\/en\/product\/cartuccia-honda-cb-1000-hornet-hornet-sp-mod-nix30\/#breadcrumb\",\"itemListElement\":[{\"@type\":\"ListItem\",\"position\":1,\"name\":\"Home\",\"item\":\"https:\/\/moto.andreanigroup.com\/en\/\"},{\"@type\":\"ListItem\",\"position\":2,\"name\":\"Shop\",\"item\":\"https:\/\/moto.andreanigroup.com\/en\/shop-2\/\"},{\"@type\":\"ListItem\",\"position\":3,\"name\":\"CARTUCCIA HONDA CB 1000 Hornet\/Hornet SP &#8211; mod. NIX30\"}]},{\"@type\":\"WebSite\",\"@id\":\"https:\/\/moto.andreanigroup.com\/en\/#website\",\"url\":\"https:\/\/moto.andreanigroup.com\/en\/\",\"name\":\"Andreani moto\",\"description\":\"\",\"potentialAction\":[{\"@type\":\"SearchAction\",\"target\":{\"@type\":\"EntryPoint\",\"urlTemplate\":\"https:\/\/moto.andreanigroup.com\/en\/?s={search_term_string}\"},\"query-input\":{\"@type\":\"PropertyValueSpecification\",\"valueRequired\":true,\"valueName\":\"search_term_string\"}}],\"inLanguage\":\"en-US\"}]}<\/script>\n<!-- \/ Yoast SEO plugin. -->","yoast_head_json":{"title":"CARTUCCIA HONDA CB 1000 Hornet\/Hornet SP - mod. NIX30 - Andreani moto","robots":{"index":"index","follow":"follow","max-snippet":"max-snippet:-1","max-image-preview":"max-image-preview:large","max-video-preview":"max-video-preview:-1"},"canonical":"https:\/\/moto.andreanigroup.com\/en\/product\/cartuccia-honda-cb-1000-hornet-hornet-sp-mod-nix30\/","og_locale":"en_US","og_type":"article","og_title":"CARTUCCIA HONDA CB 1000 Hornet\/Hornet SP - mod. NIX30 - Andreani moto","og_description":"Migliora le prestazioni della tua moto sportiva leggera o da strada con il kit di cartucce \u00d6hlins NIX30 Street. Sviluppato sulla base della tecnologia impiegata nel WSBK e in altre serie di alto livello, il kit NIX30 Street \u00e8 un versatile upgrade delle prestazioni, ottimizzato sia per l&#8217;uso su strada che in pista. Imposta le [&hellip;]","og_url":"https:\/\/moto.andreanigroup.com\/en\/product\/cartuccia-honda-cb-1000-hornet-hornet-sp-mod-nix30\/","og_site_name":"Andreani moto","article_modified_time":"2026-01-13T12:48:57+00:00","og_image":[{"width":800,"height":800,"url":"https:\/\/moto.andreanigroup.com\/wp-content\/uploads\/2025\/10\/FKS 529cartucce-forcella-ohlins-yamaha-r-25-r3-2019-2020.jpg","type":"image\/jpeg"}],"twitter_card":"summary_large_image","schema":{"@context":"https:\/\/schema.org","@graph":[{"@type":"WebPage","@id":"https:\/\/moto.andreanigroup.com\/en\/product\/cartuccia-honda-cb-1000-hornet-hornet-sp-mod-nix30\/","url":"https:\/\/moto.andreanigroup.com\/en\/product\/cartuccia-honda-cb-1000-hornet-hornet-sp-mod-nix30\/","name":"CARTUCCIA HONDA CB 1000 Hornet\/Hornet SP - mod. NIX30 - Andreani moto","isPartOf":{"@id":"https:\/\/moto.andreanigroup.com\/en\/#website"},"primaryImageOfPage":{"@id":"https:\/\/moto.andreanigroup.com\/en\/product\/cartuccia-honda-cb-1000-hornet-hornet-sp-mod-nix30\/#primaryimage"},"image":{"@id":"https:\/\/moto.andreanigroup.com\/en\/product\/cartuccia-honda-cb-1000-hornet-hornet-sp-mod-nix30\/#primaryimage"},"thumbnailUrl":"https:\/\/moto.andreanigroup.com\/wp-content\/uploads\/2026\/01\/FKS 529cartucce-forcella-ohlins-yamaha-r-25-r3-2019-2020.jpg","datePublished":"2025-09-10T20:16:03+00:00","dateModified":"2026-01-13T12:48:57+00:00","breadcrumb":{"@id":"https:\/\/moto.andreanigroup.com\/en\/product\/cartuccia-honda-cb-1000-hornet-hornet-sp-mod-nix30\/#breadcrumb"},"inLanguage":"en-US","potentialAction":[{"@type":"ReadAction","target":["https:\/\/moto.andreanigroup.com\/en\/product\/cartuccia-honda-cb-1000-hornet-hornet-sp-mod-nix30\/"]}]},{"@type":"ImageObject","inLanguage":"en-US","@id":"https:\/\/moto.andreanigroup.com\/en\/product\/cartuccia-honda-cb-1000-hornet-hornet-sp-mod-nix30\/#primaryimage","url":"https:\/\/moto.andreanigroup.com\/wp-content\/uploads\/2026\/01\/FKS 529cartucce-forcella-ohlins-yamaha-r-25-r3-2019-2020.jpg","contentUrl":"https:\/\/moto.andreanigroup.com\/wp-content\/uploads\/2026\/01\/FKS 529cartucce-forcella-ohlins-yamaha-r-25-r3-2019-2020.jpg","width":800,"height":800},{"@type":"BreadcrumbList","@id":"https:\/\/moto.andreanigroup.com\/en\/product\/cartuccia-honda-cb-1000-hornet-hornet-sp-mod-nix30\/#breadcrumb","itemListElement":[{"@type":"ListItem","position":1,"name":"Home","item":"https:\/\/moto.andreanigroup.com\/en\/"},{"@type":"ListItem","position":2,"name":"Shop","item":"https:\/\/moto.andreanigroup.com\/en\/shop-2\/"},{"@type":"ListItem","position":3,"name":"CARTUCCIA HONDA CB 1000 Hornet\/Hornet SP &#8211; mod. NIX30"}]},{"@type":"WebSite","@id":"https:\/\/moto.andreanigroup.com\/en\/#website","url":"https:\/\/moto.andreanigroup.com\/en\/","name":"Andreani moto","description":"","potentialAction":[{"@type":"SearchAction","target":{"@type":"EntryPoint","urlTemplate":"https:\/\/moto.andreanigroup.com\/en\/?s={search_term_string}"},"query-input":{"@type":"PropertyValueSpecification","valueRequired":true,"valueName":"search_term_string"}}],"inLanguage":"en-US"}]}},"_links":{"self":[{"href":"https:\/\/moto.andreanigroup.com\/en\/wp-json\/wp\/v2\/product\/385286","targetHints":{"allow":["GET"]}}],"collection":[{"href":"https:\/\/moto.andreanigroup.com\/en\/wp-json\/wp\/v2\/product"}],"about":[{"href":"https:\/\/moto.andreanigroup.com\/en\/wp-json\/wp\/v2\/types\/product"}],"wp:featuredmedia":[{"embeddable":true,"href":"https:\/\/moto.andreanigroup.com\/en\/wp-json\/wp\/v2\/media\/443234"}],"wp:attachment":[{"href":"https:\/\/moto.andreanigroup.com\/en\/wp-json\/wp\/v2\/media?parent=385286"}],"wp:term":[{"taxonomy":"product_cat","embeddable":true,"href":"https:\/\/moto.andreanigroup.com\/en\/wp-json\/wp\/v2\/product_cat?post=385286"},{"taxonomy":"product_tag","embeddable":true,"href":"https:\/\/moto.andreanigroup.com\/en\/wp-json\/wp\/v2\/product_tag?post=385286"}],"curies":[{"name":"wp","href":"https:\/\/api.w.org\/{rel}","templated":true}]}}