{"id":372146,"date":"2025-03-26T13:00:24","date_gmt":"2025-03-26T12:00:24","guid":{"rendered":"https:\/\/moto.andreanigroup.com\/product\/aprilia-rsv-4-1000-2017-fork-sachs-cartuccia-fkr-ohlins\/"},"modified":"2026-04-02T15:57:35","modified_gmt":"2026-04-02T13:57:35","slug":"aprilia-rsv-4-1000-2017-fork-sachs-cartuccia-fkr-ohlins","status":"publish","type":"product","link":"https:\/\/moto.andreanigroup.com\/en\/product\/aprilia-rsv-4-1000-2017-fork-sachs-cartuccia-fkr-ohlins\/","title":{"rendered":"APRILIA RSV 4 1000 \/ 2017- \/ (fork Sachs) Cartuccia FKR Ohlins"},"content":{"rendered":"<div>Il kit cartuccia FKR ispirato alle corse ha una tecnologia derivata direttamente dai campionati Moto3, Moto 2 e World Superbike, sviluppata dai nostri ingegneri in Svezia ed \u00e8 progettata per le corse di alto livello.<\/div>\n<div>&nbsp;<\/div>\n<div>Il kit cartuccia FKR \u00e8 dotato di un sistema pressurizzato a molla, rispetto al vecchio sistema pressurizzato a gas, la pressione della molla offre un design pi\u00f9 semplice e intuitivo che tiene conto anche di una manutenzione pi\u00f9 semplice. Ma ci sono altri vantaggi in un sistema pressurizzato a molla. Non c&#8217;\u00e8 rischio di perdite di gas, offre anche una curva di prestazioni pi\u00f9 costante e consente un design pi\u00f9 compatto. Con la tecnologia \u00d6hlins TTX, un pistone di nuova concezione e un albero del pistone da 8 mm riduciamo l&#8217;accumulo di pressione e creiamo una risposta di smorzamento pi\u00f9 rapida. Ci\u00f2 fornisce uno stile &quot;lineare&quot; di caratteristiche di smorzamento che crea pi\u00f9 opzioni di messa a punto e aumenta anche le propriet\u00e0 di aderenza e assorbimento degli urti migliorando al contempo la stabilit\u00e0 del telaio. Pacchetto componenti<\/div>\n<div>&nbsp;<\/div>\n<div>Kit cartuccia \u00d6hlins TTX25<\/div>\n<div>Molle forcella 9,0 N\/mm<\/div>\n<div>Molle forcella 9,5 N\/mm<\/div>\n<div>Molle forcella 10,0 N\/mm<\/div>\n<div>&nbsp;<\/div>\n<div>La selezione della rigidit\u00e0 delle molle si basa sul peso del pilota.<\/div>\n","protected":false},"excerpt":{"rendered":"<p>Il kit cartuccia FKR ispirato alle corse ha una tecnologia derivata direttamente dai campionati Moto3, Moto 2 e World Superbike, sviluppata dai nostri ingegneri in Svezia ed \u00e8 progettata per le corse di alto livello. &nbsp; Il kit cartuccia FKR \u00e8 dotato di un sistema pressurizzato a molla, rispetto al vecchio sistema pressurizzato a gas, [&hellip;]<\/p>\n","protected":false},"featured_media":372148,"template":"","meta":{"inline_featured_image":false},"product_cat":[25],"product_tag":[70],"class_list":{"0":"post-372146","1":"product","2":"type-product","3":"status-publish","4":"has-post-thumbnail","6":"product_brand-ohlins","7":"product_cat-cartucce-forcella","8":"product_tag-ohlins","10":"first","11":"instock","12":"taxable","13":"shipping-taxable","14":"purchasable","15":"product-type-simple"},"yoast_head":"<!-- This site is optimized with the Yoast SEO plugin v27.0 - https:\/\/yoast.com\/product\/yoast-seo-wordpress\/ -->\n<title>APRILIA RSV 4 1000 \/ 2017- \/ (fork Sachs) Cartuccia FKR Ohlins - Andreani moto<\/title>\n<meta name=\"robots\" content=\"index, follow, max-snippet:-1, max-image-preview:large, max-video-preview:-1\" \/>\n<link rel=\"canonical\" href=\"https:\/\/moto.andreanigroup.com\/en\/product\/aprilia-rsv-4-1000-2017-fork-sachs-cartuccia-fkr-ohlins\/\" \/>\n<meta property=\"og:locale\" content=\"en_US\" \/>\n<meta property=\"og:type\" content=\"article\" \/>\n<meta property=\"og:title\" content=\"APRILIA RSV 4 1000 \/ 2017- \/ (fork Sachs) Cartuccia FKR Ohlins - Andreani moto\" \/>\n<meta property=\"og:description\" content=\"Il kit cartuccia FKR ispirato alle corse ha una tecnologia derivata direttamente dai campionati Moto3, Moto 2 e World Superbike, sviluppata dai nostri ingegneri in Svezia ed \u00e8 progettata per le corse di alto livello. &nbsp; Il kit cartuccia FKR \u00e8 dotato di un sistema pressurizzato a molla, rispetto al vecchio sistema pressurizzato a gas, [&hellip;]\" \/>\n<meta property=\"og:url\" content=\"https:\/\/moto.andreanigroup.com\/en\/product\/aprilia-rsv-4-1000-2017-fork-sachs-cartuccia-fkr-ohlins\/\" \/>\n<meta property=\"og:site_name\" content=\"Andreani moto\" \/>\n<meta property=\"article:modified_time\" content=\"2026-04-02T13:57:35+00:00\" \/>\n<meta property=\"og:image\" content=\"https:\/\/moto.andreanigroup.com\/wp-content\/uploads\/2025\/03\/FKR-AG%20257img-00001562.jpg\" \/>\n\t<meta property=\"og:image:width\" content=\"900\" \/>\n\t<meta property=\"og:image:height\" content=\"574\" \/>\n\t<meta property=\"og:image:type\" content=\"image\/jpeg\" \/>\n<meta name=\"twitter:card\" content=\"summary_large_image\" \/>\n<meta name=\"twitter:label1\" content=\"Est. reading time\" \/>\n\t<meta name=\"twitter:data1\" content=\"1 minute\" \/>\n<script type=\"application\/ld+json\" class=\"yoast-schema-graph\">{\"@context\":\"https:\/\/schema.org\",\"@graph\":[{\"@type\":\"WebPage\",\"@id\":\"https:\/\/moto.andreanigroup.com\/en\/product\/aprilia-rsv-4-1000-2017-fork-sachs-cartuccia-fkr-ohlins\/\",\"url\":\"https:\/\/moto.andreanigroup.com\/en\/product\/aprilia-rsv-4-1000-2017-fork-sachs-cartuccia-fkr-ohlins\/\",\"name\":\"APRILIA RSV 4 1000 \/ 2017- \/ (fork Sachs) Cartuccia FKR Ohlins - Andreani moto\",\"isPartOf\":{\"@id\":\"https:\/\/moto.andreanigroup.com\/en\/#website\"},\"primaryImageOfPage\":{\"@id\":\"https:\/\/moto.andreanigroup.com\/en\/product\/aprilia-rsv-4-1000-2017-fork-sachs-cartuccia-fkr-ohlins\/#primaryimage\"},\"image\":{\"@id\":\"https:\/\/moto.andreanigroup.com\/en\/product\/aprilia-rsv-4-1000-2017-fork-sachs-cartuccia-fkr-ohlins\/#primaryimage\"},\"thumbnailUrl\":\"https:\/\/moto.andreanigroup.com\/wp-content\/uploads\/2025\/03\/FKR-AG 257img-00001562.jpg\",\"datePublished\":\"2025-03-26T12:00:24+00:00\",\"dateModified\":\"2026-04-02T13:57:35+00:00\",\"breadcrumb\":{\"@id\":\"https:\/\/moto.andreanigroup.com\/en\/product\/aprilia-rsv-4-1000-2017-fork-sachs-cartuccia-fkr-ohlins\/#breadcrumb\"},\"inLanguage\":\"en-US\",\"potentialAction\":[{\"@type\":\"ReadAction\",\"target\":[\"https:\/\/moto.andreanigroup.com\/en\/product\/aprilia-rsv-4-1000-2017-fork-sachs-cartuccia-fkr-ohlins\/\"]}]},{\"@type\":\"ImageObject\",\"inLanguage\":\"en-US\",\"@id\":\"https:\/\/moto.andreanigroup.com\/en\/product\/aprilia-rsv-4-1000-2017-fork-sachs-cartuccia-fkr-ohlins\/#primaryimage\",\"url\":\"https:\/\/moto.andreanigroup.com\/wp-content\/uploads\/2025\/03\/FKR-AG 257img-00001562.jpg\",\"contentUrl\":\"https:\/\/moto.andreanigroup.com\/wp-content\/uploads\/2025\/03\/FKR-AG 257img-00001562.jpg\",\"width\":900,\"height\":574},{\"@type\":\"BreadcrumbList\",\"@id\":\"https:\/\/moto.andreanigroup.com\/en\/product\/aprilia-rsv-4-1000-2017-fork-sachs-cartuccia-fkr-ohlins\/#breadcrumb\",\"itemListElement\":[{\"@type\":\"ListItem\",\"position\":1,\"name\":\"Home\",\"item\":\"https:\/\/moto.andreanigroup.com\/en\/\"},{\"@type\":\"ListItem\",\"position\":2,\"name\":\"Shop\",\"item\":\"https:\/\/moto.andreanigroup.com\/en\/shop-2\/\"},{\"@type\":\"ListItem\",\"position\":3,\"name\":\"APRILIA RSV 4 1000 \/ 2017- \/ (fork Sachs) Cartuccia FKR Ohlins\"}]},{\"@type\":\"WebSite\",\"@id\":\"https:\/\/moto.andreanigroup.com\/en\/#website\",\"url\":\"https:\/\/moto.andreanigroup.com\/en\/\",\"name\":\"Andreani moto\",\"description\":\"\",\"potentialAction\":[{\"@type\":\"SearchAction\",\"target\":{\"@type\":\"EntryPoint\",\"urlTemplate\":\"https:\/\/moto.andreanigroup.com\/en\/?s={search_term_string}\"},\"query-input\":{\"@type\":\"PropertyValueSpecification\",\"valueRequired\":true,\"valueName\":\"search_term_string\"}}],\"inLanguage\":\"en-US\"}]}<\/script>\n<!-- \/ Yoast SEO plugin. -->","yoast_head_json":{"title":"APRILIA RSV 4 1000 \/ 2017- \/ (fork Sachs) Cartuccia FKR Ohlins - Andreani moto","robots":{"index":"index","follow":"follow","max-snippet":"max-snippet:-1","max-image-preview":"max-image-preview:large","max-video-preview":"max-video-preview:-1"},"canonical":"https:\/\/moto.andreanigroup.com\/en\/product\/aprilia-rsv-4-1000-2017-fork-sachs-cartuccia-fkr-ohlins\/","og_locale":"en_US","og_type":"article","og_title":"APRILIA RSV 4 1000 \/ 2017- \/ (fork Sachs) Cartuccia FKR Ohlins - Andreani moto","og_description":"Il kit cartuccia FKR ispirato alle corse ha una tecnologia derivata direttamente dai campionati Moto3, Moto 2 e World Superbike, sviluppata dai nostri ingegneri in Svezia ed \u00e8 progettata per le corse di alto livello. &nbsp; Il kit cartuccia FKR \u00e8 dotato di un sistema pressurizzato a molla, rispetto al vecchio sistema pressurizzato a gas, [&hellip;]","og_url":"https:\/\/moto.andreanigroup.com\/en\/product\/aprilia-rsv-4-1000-2017-fork-sachs-cartuccia-fkr-ohlins\/","og_site_name":"Andreani moto","article_modified_time":"2026-04-02T13:57:35+00:00","og_image":[{"width":900,"height":574,"url":"https:\/\/moto.andreanigroup.com\/wp-content\/uploads\/2025\/03\/FKR-AG 257img-00001562.jpg","type":"image\/jpeg"}],"twitter_card":"summary_large_image","twitter_misc":{"Est. reading time":"1 minute"},"schema":{"@context":"https:\/\/schema.org","@graph":[{"@type":"WebPage","@id":"https:\/\/moto.andreanigroup.com\/en\/product\/aprilia-rsv-4-1000-2017-fork-sachs-cartuccia-fkr-ohlins\/","url":"https:\/\/moto.andreanigroup.com\/en\/product\/aprilia-rsv-4-1000-2017-fork-sachs-cartuccia-fkr-ohlins\/","name":"APRILIA RSV 4 1000 \/ 2017- \/ (fork Sachs) Cartuccia FKR Ohlins - Andreani moto","isPartOf":{"@id":"https:\/\/moto.andreanigroup.com\/en\/#website"},"primaryImageOfPage":{"@id":"https:\/\/moto.andreanigroup.com\/en\/product\/aprilia-rsv-4-1000-2017-fork-sachs-cartuccia-fkr-ohlins\/#primaryimage"},"image":{"@id":"https:\/\/moto.andreanigroup.com\/en\/product\/aprilia-rsv-4-1000-2017-fork-sachs-cartuccia-fkr-ohlins\/#primaryimage"},"thumbnailUrl":"https:\/\/moto.andreanigroup.com\/wp-content\/uploads\/2025\/03\/FKR-AG 257img-00001562.jpg","datePublished":"2025-03-26T12:00:24+00:00","dateModified":"2026-04-02T13:57:35+00:00","breadcrumb":{"@id":"https:\/\/moto.andreanigroup.com\/en\/product\/aprilia-rsv-4-1000-2017-fork-sachs-cartuccia-fkr-ohlins\/#breadcrumb"},"inLanguage":"en-US","potentialAction":[{"@type":"ReadAction","target":["https:\/\/moto.andreanigroup.com\/en\/product\/aprilia-rsv-4-1000-2017-fork-sachs-cartuccia-fkr-ohlins\/"]}]},{"@type":"ImageObject","inLanguage":"en-US","@id":"https:\/\/moto.andreanigroup.com\/en\/product\/aprilia-rsv-4-1000-2017-fork-sachs-cartuccia-fkr-ohlins\/#primaryimage","url":"https:\/\/moto.andreanigroup.com\/wp-content\/uploads\/2025\/03\/FKR-AG 257img-00001562.jpg","contentUrl":"https:\/\/moto.andreanigroup.com\/wp-content\/uploads\/2025\/03\/FKR-AG 257img-00001562.jpg","width":900,"height":574},{"@type":"BreadcrumbList","@id":"https:\/\/moto.andreanigroup.com\/en\/product\/aprilia-rsv-4-1000-2017-fork-sachs-cartuccia-fkr-ohlins\/#breadcrumb","itemListElement":[{"@type":"ListItem","position":1,"name":"Home","item":"https:\/\/moto.andreanigroup.com\/en\/"},{"@type":"ListItem","position":2,"name":"Shop","item":"https:\/\/moto.andreanigroup.com\/en\/shop-2\/"},{"@type":"ListItem","position":3,"name":"APRILIA RSV 4 1000 \/ 2017- \/ (fork Sachs) Cartuccia FKR Ohlins"}]},{"@type":"WebSite","@id":"https:\/\/moto.andreanigroup.com\/en\/#website","url":"https:\/\/moto.andreanigroup.com\/en\/","name":"Andreani moto","description":"","potentialAction":[{"@type":"SearchAction","target":{"@type":"EntryPoint","urlTemplate":"https:\/\/moto.andreanigroup.com\/en\/?s={search_term_string}"},"query-input":{"@type":"PropertyValueSpecification","valueRequired":true,"valueName":"search_term_string"}}],"inLanguage":"en-US"}]}},"_links":{"self":[{"href":"https:\/\/moto.andreanigroup.com\/en\/wp-json\/wp\/v2\/product\/372146","targetHints":{"allow":["GET"]}}],"collection":[{"href":"https:\/\/moto.andreanigroup.com\/en\/wp-json\/wp\/v2\/product"}],"about":[{"href":"https:\/\/moto.andreanigroup.com\/en\/wp-json\/wp\/v2\/types\/product"}],"wp:featuredmedia":[{"embeddable":true,"href":"https:\/\/moto.andreanigroup.com\/en\/wp-json\/wp\/v2\/media\/372148"}],"wp:attachment":[{"href":"https:\/\/moto.andreanigroup.com\/en\/wp-json\/wp\/v2\/media?parent=372146"}],"wp:term":[{"taxonomy":"product_cat","embeddable":true,"href":"https:\/\/moto.andreanigroup.com\/en\/wp-json\/wp\/v2\/product_cat?post=372146"},{"taxonomy":"product_tag","embeddable":true,"href":"https:\/\/moto.andreanigroup.com\/en\/wp-json\/wp\/v2\/product_tag?post=372146"}],"curies":[{"name":"wp","href":"https:\/\/api.w.org\/{rel}","templated":true}]}}