{"id":297679,"date":"2024-03-15T01:30:10","date_gmt":"2024-03-15T00:30:10","guid":{"rendered":"https:\/\/moto.andreanigroup.com\/product\/mivv-str1-slip-on-str1-black-position-original\/"},"modified":"2026-01-13T00:44:39","modified_gmt":"2026-01-12T23:44:39","slug":"mivv-str1-slip-on-str1-black-position-original","status":"publish","type":"product","link":"https:\/\/moto.andreanigroup.com\/en\/product\/mivv-str1-slip-on-str1-black-position-original\/","title":{"rendered":"MIVV &#8211; STR1 &#8211; SLIP-ON &#8211; STR1 &#8211; BLACK &#8211;  position ORIGINAL"},"content":{"rendered":"<div>NOTA: OMOLOGATO EURO 5 SOLO CON CATALIZZATORE ACC.041.A1 INSTALLATO. COMPATIBILE SOLO CON MOTO CON 1 SONDA LAMBDA.<\/div>\n<div>&nbsp;<\/div>\n<div>Costruito con il miglior lay out possibile per adattarsi agli spazi disponibili sulla moto lo scarico mivv STR-1 \u00e8 stato studiato per garantire al meglio prestazioni, affidabilit\u00e0 e riduzione di peso.<\/div>\n<div>&nbsp;<\/div>\n<div>Lo scarico \u00e8 fabbricato con acciaio inox aisi 304 e prevede un fondello in carbonio in twill 3k ed \u00e8 dotato di uno speciale DB-Killer ottimizzato per ridurre il rumore senza penalizzare le performance.<\/div>\n<div>&nbsp;<\/div>\n<div>Lo scarico STR-1 \u00e8 stato studiato affinch\u00e9 il motore possa esprimere il meglio di s\u00e9 sull&#8217;intero range dei giri motore. I test a banco e poi confermati anche dai test in pista evidenziano un&#8217;ottima performance sia ai bassi che agli alti regimi.<\/div>\n<div>&nbsp;<\/div>\n<div>Lo scarico STR-1 \u00e8 dotato di materiali fonoassorbenti di ultima generazione, sviluppati dal nostro reparto R&amp;D, e consente di rispettare i limiti di rumore sempre pi\u00f9 stringenti imposti dai regolamenti nazionali e internazionali per le competizioni off-road. Il materiale fonoassorbente \u00e8 facilmente sostituibile grazie alla presenza di viti che si trovano nella parte anteriore dello scarico che ne facilitano questa operazione.<\/div>\n<div>&nbsp;<\/div>\n<div>Lo scarico Mivv STR-1 non richiede rimappature. Lo sviluppo \u00e8 stato fatto senza fare modiche sull&#8217;elettronica. Esso \u00e8 intercambiale con il silenziatore stock.<\/div>\n","protected":false},"excerpt":{"rendered":"<p>NOTA: OMOLOGATO EURO 5 SOLO CON CATALIZZATORE ACC.041.A1 INSTALLATO. COMPATIBILE SOLO CON MOTO CON 1 SONDA LAMBDA. &nbsp; Costruito con il miglior lay out possibile per adattarsi agli spazi disponibili sulla moto lo scarico mivv STR-1 \u00e8 stato studiato per garantire al meglio prestazioni, affidabilit\u00e0 e riduzione di peso. &nbsp; Lo scarico \u00e8 fabbricato con [&hellip;]<\/p>\n","protected":false},"featured_media":438910,"template":"","meta":{"inline_featured_image":false},"product_cat":[113],"product_tag":[69],"class_list":{"0":"post-297679","1":"product","2":"type-product","3":"status-publish","4":"has-post-thumbnail","6":"product_brand-mivv","7":"product_cat-scarichi","8":"product_tag-mivv","10":"first","11":"instock","12":"taxable","13":"shipping-taxable","14":"purchasable","15":"product-type-simple"},"yoast_head":"<!-- This site is optimized with the Yoast SEO plugin v27.0 - https:\/\/yoast.com\/product\/yoast-seo-wordpress\/ -->\n<title>MIVV - STR1 - SLIP-ON - STR1 - BLACK - position ORIGINAL - Andreani moto<\/title>\n<meta name=\"robots\" content=\"index, follow, max-snippet:-1, max-image-preview:large, max-video-preview:-1\" \/>\n<link rel=\"canonical\" href=\"https:\/\/moto.andreanigroup.com\/en\/product\/mivv-str1-slip-on-str1-black-position-original\/\" \/>\n<meta property=\"og:locale\" content=\"en_US\" \/>\n<meta property=\"og:type\" content=\"article\" \/>\n<meta property=\"og:title\" content=\"MIVV - STR1 - SLIP-ON - STR1 - BLACK - position ORIGINAL - Andreani moto\" \/>\n<meta property=\"og:description\" content=\"NOTA: OMOLOGATO EURO 5 SOLO CON CATALIZZATORE ACC.041.A1 INSTALLATO. COMPATIBILE SOLO CON MOTO CON 1 SONDA LAMBDA. &nbsp; Costruito con il miglior lay out possibile per adattarsi agli spazi disponibili sulla moto lo scarico mivv STR-1 \u00e8 stato studiato per garantire al meglio prestazioni, affidabilit\u00e0 e riduzione di peso. &nbsp; Lo scarico \u00e8 fabbricato con [&hellip;]\" \/>\n<meta property=\"og:url\" content=\"https:\/\/moto.andreanigroup.com\/en\/product\/mivv-str1-slip-on-str1-black-position-original\/\" \/>\n<meta property=\"og:site_name\" content=\"Andreani moto\" \/>\n<meta property=\"article:modified_time\" content=\"2026-01-12T23:44:39+00:00\" \/>\n<meta property=\"og:image\" content=\"https:\/\/moto.andreanigroup.com\/wp-content\/uploads\/2025\/11\/M.KT.032.LXBCKTM_690_Enduro_R_19-_73KT031LXCB_01.jpg\" \/>\n\t<meta property=\"og:image:width\" content=\"1800\" \/>\n\t<meta property=\"og:image:height\" content=\"1200\" \/>\n\t<meta property=\"og:image:type\" content=\"image\/jpeg\" \/>\n<meta name=\"twitter:card\" content=\"summary_large_image\" \/>\n<meta name=\"twitter:label1\" content=\"Est. reading time\" \/>\n\t<meta name=\"twitter:data1\" content=\"1 minute\" \/>\n<script type=\"application\/ld+json\" class=\"yoast-schema-graph\">{\"@context\":\"https:\/\/schema.org\",\"@graph\":[{\"@type\":\"WebPage\",\"@id\":\"https:\/\/moto.andreanigroup.com\/en\/product\/mivv-str1-slip-on-str1-black-position-original\/\",\"url\":\"https:\/\/moto.andreanigroup.com\/en\/product\/mivv-str1-slip-on-str1-black-position-original\/\",\"name\":\"MIVV - STR1 - SLIP-ON - STR1 - BLACK - position ORIGINAL - Andreani moto\",\"isPartOf\":{\"@id\":\"https:\/\/moto.andreanigroup.com\/en\/#website\"},\"primaryImageOfPage\":{\"@id\":\"https:\/\/moto.andreanigroup.com\/en\/product\/mivv-str1-slip-on-str1-black-position-original\/#primaryimage\"},\"image\":{\"@id\":\"https:\/\/moto.andreanigroup.com\/en\/product\/mivv-str1-slip-on-str1-black-position-original\/#primaryimage\"},\"thumbnailUrl\":\"https:\/\/moto.andreanigroup.com\/wp-content\/uploads\/2026\/01\/M.KT.032.LXBCKTM_690_Enduro_R_19-_73KT031LXCB_01.jpg\",\"datePublished\":\"2024-03-15T00:30:10+00:00\",\"dateModified\":\"2026-01-12T23:44:39+00:00\",\"breadcrumb\":{\"@id\":\"https:\/\/moto.andreanigroup.com\/en\/product\/mivv-str1-slip-on-str1-black-position-original\/#breadcrumb\"},\"inLanguage\":\"en-US\",\"potentialAction\":[{\"@type\":\"ReadAction\",\"target\":[\"https:\/\/moto.andreanigroup.com\/en\/product\/mivv-str1-slip-on-str1-black-position-original\/\"]}]},{\"@type\":\"ImageObject\",\"inLanguage\":\"en-US\",\"@id\":\"https:\/\/moto.andreanigroup.com\/en\/product\/mivv-str1-slip-on-str1-black-position-original\/#primaryimage\",\"url\":\"https:\/\/moto.andreanigroup.com\/wp-content\/uploads\/2026\/01\/M.KT.032.LXBCKTM_690_Enduro_R_19-_73KT031LXCB_01.jpg\",\"contentUrl\":\"https:\/\/moto.andreanigroup.com\/wp-content\/uploads\/2026\/01\/M.KT.032.LXBCKTM_690_Enduro_R_19-_73KT031LXCB_01.jpg\",\"width\":1800,\"height\":1200},{\"@type\":\"BreadcrumbList\",\"@id\":\"https:\/\/moto.andreanigroup.com\/en\/product\/mivv-str1-slip-on-str1-black-position-original\/#breadcrumb\",\"itemListElement\":[{\"@type\":\"ListItem\",\"position\":1,\"name\":\"Home\",\"item\":\"https:\/\/moto.andreanigroup.com\/en\/\"},{\"@type\":\"ListItem\",\"position\":2,\"name\":\"Shop\",\"item\":\"https:\/\/moto.andreanigroup.com\/en\/shop-2\/\"},{\"@type\":\"ListItem\",\"position\":3,\"name\":\"MIVV &#8211; STR1 &#8211; SLIP-ON &#8211; STR1 &#8211; BLACK &#8211; position ORIGINAL\"}]},{\"@type\":\"WebSite\",\"@id\":\"https:\/\/moto.andreanigroup.com\/en\/#website\",\"url\":\"https:\/\/moto.andreanigroup.com\/en\/\",\"name\":\"Andreani moto\",\"description\":\"\",\"potentialAction\":[{\"@type\":\"SearchAction\",\"target\":{\"@type\":\"EntryPoint\",\"urlTemplate\":\"https:\/\/moto.andreanigroup.com\/en\/?s={search_term_string}\"},\"query-input\":{\"@type\":\"PropertyValueSpecification\",\"valueRequired\":true,\"valueName\":\"search_term_string\"}}],\"inLanguage\":\"en-US\"}]}<\/script>\n<!-- \/ Yoast SEO plugin. -->","yoast_head_json":{"title":"MIVV - STR1 - SLIP-ON - STR1 - BLACK - position ORIGINAL - Andreani moto","robots":{"index":"index","follow":"follow","max-snippet":"max-snippet:-1","max-image-preview":"max-image-preview:large","max-video-preview":"max-video-preview:-1"},"canonical":"https:\/\/moto.andreanigroup.com\/en\/product\/mivv-str1-slip-on-str1-black-position-original\/","og_locale":"en_US","og_type":"article","og_title":"MIVV - STR1 - SLIP-ON - STR1 - BLACK - position ORIGINAL - Andreani moto","og_description":"NOTA: OMOLOGATO EURO 5 SOLO CON CATALIZZATORE ACC.041.A1 INSTALLATO. COMPATIBILE SOLO CON MOTO CON 1 SONDA LAMBDA. &nbsp; Costruito con il miglior lay out possibile per adattarsi agli spazi disponibili sulla moto lo scarico mivv STR-1 \u00e8 stato studiato per garantire al meglio prestazioni, affidabilit\u00e0 e riduzione di peso. &nbsp; Lo scarico \u00e8 fabbricato con [&hellip;]","og_url":"https:\/\/moto.andreanigroup.com\/en\/product\/mivv-str1-slip-on-str1-black-position-original\/","og_site_name":"Andreani moto","article_modified_time":"2026-01-12T23:44:39+00:00","og_image":[{"width":1800,"height":1200,"url":"https:\/\/moto.andreanigroup.com\/wp-content\/uploads\/2025\/11\/M.KT.032.LXBCKTM_690_Enduro_R_19-_73KT031LXCB_01.jpg","type":"image\/jpeg"}],"twitter_card":"summary_large_image","twitter_misc":{"Est. reading time":"1 minute"},"schema":{"@context":"https:\/\/schema.org","@graph":[{"@type":"WebPage","@id":"https:\/\/moto.andreanigroup.com\/en\/product\/mivv-str1-slip-on-str1-black-position-original\/","url":"https:\/\/moto.andreanigroup.com\/en\/product\/mivv-str1-slip-on-str1-black-position-original\/","name":"MIVV - STR1 - SLIP-ON - STR1 - BLACK - position ORIGINAL - Andreani moto","isPartOf":{"@id":"https:\/\/moto.andreanigroup.com\/en\/#website"},"primaryImageOfPage":{"@id":"https:\/\/moto.andreanigroup.com\/en\/product\/mivv-str1-slip-on-str1-black-position-original\/#primaryimage"},"image":{"@id":"https:\/\/moto.andreanigroup.com\/en\/product\/mivv-str1-slip-on-str1-black-position-original\/#primaryimage"},"thumbnailUrl":"https:\/\/moto.andreanigroup.com\/wp-content\/uploads\/2026\/01\/M.KT.032.LXBCKTM_690_Enduro_R_19-_73KT031LXCB_01.jpg","datePublished":"2024-03-15T00:30:10+00:00","dateModified":"2026-01-12T23:44:39+00:00","breadcrumb":{"@id":"https:\/\/moto.andreanigroup.com\/en\/product\/mivv-str1-slip-on-str1-black-position-original\/#breadcrumb"},"inLanguage":"en-US","potentialAction":[{"@type":"ReadAction","target":["https:\/\/moto.andreanigroup.com\/en\/product\/mivv-str1-slip-on-str1-black-position-original\/"]}]},{"@type":"ImageObject","inLanguage":"en-US","@id":"https:\/\/moto.andreanigroup.com\/en\/product\/mivv-str1-slip-on-str1-black-position-original\/#primaryimage","url":"https:\/\/moto.andreanigroup.com\/wp-content\/uploads\/2026\/01\/M.KT.032.LXBCKTM_690_Enduro_R_19-_73KT031LXCB_01.jpg","contentUrl":"https:\/\/moto.andreanigroup.com\/wp-content\/uploads\/2026\/01\/M.KT.032.LXBCKTM_690_Enduro_R_19-_73KT031LXCB_01.jpg","width":1800,"height":1200},{"@type":"BreadcrumbList","@id":"https:\/\/moto.andreanigroup.com\/en\/product\/mivv-str1-slip-on-str1-black-position-original\/#breadcrumb","itemListElement":[{"@type":"ListItem","position":1,"name":"Home","item":"https:\/\/moto.andreanigroup.com\/en\/"},{"@type":"ListItem","position":2,"name":"Shop","item":"https:\/\/moto.andreanigroup.com\/en\/shop-2\/"},{"@type":"ListItem","position":3,"name":"MIVV &#8211; STR1 &#8211; SLIP-ON &#8211; STR1 &#8211; BLACK &#8211; position ORIGINAL"}]},{"@type":"WebSite","@id":"https:\/\/moto.andreanigroup.com\/en\/#website","url":"https:\/\/moto.andreanigroup.com\/en\/","name":"Andreani moto","description":"","potentialAction":[{"@type":"SearchAction","target":{"@type":"EntryPoint","urlTemplate":"https:\/\/moto.andreanigroup.com\/en\/?s={search_term_string}"},"query-input":{"@type":"PropertyValueSpecification","valueRequired":true,"valueName":"search_term_string"}}],"inLanguage":"en-US"}]}},"_links":{"self":[{"href":"https:\/\/moto.andreanigroup.com\/en\/wp-json\/wp\/v2\/product\/297679","targetHints":{"allow":["GET"]}}],"collection":[{"href":"https:\/\/moto.andreanigroup.com\/en\/wp-json\/wp\/v2\/product"}],"about":[{"href":"https:\/\/moto.andreanigroup.com\/en\/wp-json\/wp\/v2\/types\/product"}],"wp:featuredmedia":[{"embeddable":true,"href":"https:\/\/moto.andreanigroup.com\/en\/wp-json\/wp\/v2\/media\/438910"}],"wp:attachment":[{"href":"https:\/\/moto.andreanigroup.com\/en\/wp-json\/wp\/v2\/media?parent=297679"}],"wp:term":[{"taxonomy":"product_cat","embeddable":true,"href":"https:\/\/moto.andreanigroup.com\/en\/wp-json\/wp\/v2\/product_cat?post=297679"},{"taxonomy":"product_tag","embeddable":true,"href":"https:\/\/moto.andreanigroup.com\/en\/wp-json\/wp\/v2\/product_tag?post=297679"}],"curies":[{"name":"wp","href":"https:\/\/api.w.org\/{rel}","templated":true}]}}