{"id":253710,"date":"2023-11-14T01:20:32","date_gmt":"2023-11-14T00:20:32","guid":{"rendered":"https:\/\/moto.andreanigroup.com\/product\/amm-ohlins-ttx46-flow-dv-husqvarna-te-300-fe-350-fe-450-fe-501-2024\/"},"modified":"2026-02-25T22:31:17","modified_gmt":"2026-02-25T21:31:17","slug":"amm-ohlins-ttx46-flow-dv-husqvarna-te-300-fe-350-fe-450-fe-501-2024","status":"publish","type":"product","link":"https:\/\/moto.andreanigroup.com\/en\/product\/amm-ohlins-ttx46-flow-dv-husqvarna-te-300-fe-350-fe-450-fe-501-2024\/","title":{"rendered":"Amm.OHLINS TTX46 Flow DV &#8211; Husqvarna TE 300, FE 350, FE 450, FE 501 2024"},"content":{"rendered":"<div>Il nuovo ammortizzatore TTX FLOW Double Valve, che si differenzia dal modello precedente per la possibilit\u00e0 di regolare sia le alte che le basse velocit\u00e0 di compressione con un nuovo registro brevettato \u00d6hlins, garantisce una migliore trazione e una capacit\u00e0 di copiare meglio gli avvallamenti e i terreni sconnessi, riuscendo a stressare meno il telaio.<\/div>\n<div>Tecnologia TTX.<\/div>\n<div>Pistone da 46mm e stelo pompante da 16mm.<\/div>\n<div>Serbatoio di azoto da 58mm, disponibile per la maggior parte delle applicazioni.<\/div>\n<div>Tecnologia di pressurizzazione brevettata.<\/div>\n<div>Attenzione! Il prodotto viene fornito senza Molla, la molla dedicata al peso del pilota ha un costo aggiuntivo di 105 euro +iva.<\/div>\n","protected":false},"excerpt":{"rendered":"<p>Il nuovo ammortizzatore TTX FLOW Double Valve, che si differenzia dal modello precedente per la possibilit\u00e0 di regolare sia le alte che le basse velocit\u00e0 di compressione con un nuovo registro brevettato \u00d6hlins, garantisce una migliore trazione e una capacit\u00e0 di copiare meglio gli avvallamenti e i terreni sconnessi, riuscendo a stressare meno il telaio. [&hellip;]<\/p>\n","protected":false},"featured_media":445474,"template":"","meta":{"inline_featured_image":false},"product_cat":[59],"product_tag":[70],"class_list":{"0":"post-253710","1":"product","2":"type-product","3":"status-publish","4":"has-post-thumbnail","6":"product_brand-ohlins","7":"product_cat-ammortizzatori-moto","8":"product_tag-ohlins","10":"first","11":"instock","12":"taxable","13":"shipping-taxable","14":"purchasable","15":"product-type-simple"},"yoast_head":"<!-- This site is optimized with the Yoast SEO plugin v27.0 - https:\/\/yoast.com\/product\/yoast-seo-wordpress\/ -->\n<title>Amm.OHLINS TTX46 Flow DV - Husqvarna TE 300, FE 350, FE 450, FE 501 2024 - Andreani moto<\/title>\n<meta name=\"robots\" content=\"index, follow, max-snippet:-1, max-image-preview:large, max-video-preview:-1\" \/>\n<link rel=\"canonical\" href=\"https:\/\/moto.andreanigroup.com\/en\/product\/amm-ohlins-ttx46-flow-dv-husqvarna-te-300-fe-350-fe-450-fe-501-2024\/\" \/>\n<meta property=\"og:locale\" content=\"en_US\" \/>\n<meta property=\"og:type\" content=\"article\" \/>\n<meta property=\"og:title\" content=\"Amm.OHLINS TTX46 Flow DV - Husqvarna TE 300, FE 350, FE 450, FE 501 2024 - Andreani moto\" \/>\n<meta property=\"og:description\" content=\"Il nuovo ammortizzatore TTX FLOW Double Valve, che si differenzia dal modello precedente per la possibilit\u00e0 di regolare sia le alte che le basse velocit\u00e0 di compressione con un nuovo registro brevettato \u00d6hlins, garantisce una migliore trazione e una capacit\u00e0 di copiare meglio gli avvallamenti e i terreni sconnessi, riuscendo a stressare meno il telaio. [&hellip;]\" \/>\n<meta property=\"og:url\" content=\"https:\/\/moto.andreanigroup.com\/en\/product\/amm-ohlins-ttx46-flow-dv-husqvarna-te-300-fe-350-fe-450-fe-501-2024\/\" \/>\n<meta property=\"og:site_name\" content=\"Andreani moto\" \/>\n<meta property=\"article:modified_time\" content=\"2026-02-25T21:31:17+00:00\" \/>\n<meta property=\"og:image\" content=\"https:\/\/moto.andreanigroup.com\/wp-content\/uploads\/2026\/02\/DMX%200310img-00001367.jpg\" \/>\n\t<meta property=\"og:image:width\" content=\"452\" \/>\n\t<meta property=\"og:image:height\" content=\"551\" \/>\n\t<meta property=\"og:image:type\" content=\"image\/jpeg\" \/>\n<meta name=\"twitter:card\" content=\"summary_large_image\" \/>\n<meta name=\"twitter:label1\" content=\"Est. reading time\" \/>\n\t<meta name=\"twitter:data1\" content=\"1 minute\" \/>\n<script type=\"application\/ld+json\" class=\"yoast-schema-graph\">{\"@context\":\"https:\/\/schema.org\",\"@graph\":[{\"@type\":\"WebPage\",\"@id\":\"https:\/\/moto.andreanigroup.com\/en\/product\/amm-ohlins-ttx46-flow-dv-husqvarna-te-300-fe-350-fe-450-fe-501-2024\/\",\"url\":\"https:\/\/moto.andreanigroup.com\/en\/product\/amm-ohlins-ttx46-flow-dv-husqvarna-te-300-fe-350-fe-450-fe-501-2024\/\",\"name\":\"Amm.OHLINS TTX46 Flow DV - Husqvarna TE 300, FE 350, FE 450, FE 501 2024 - Andreani moto\",\"isPartOf\":{\"@id\":\"https:\/\/moto.andreanigroup.com\/en\/#website\"},\"primaryImageOfPage\":{\"@id\":\"https:\/\/moto.andreanigroup.com\/en\/product\/amm-ohlins-ttx46-flow-dv-husqvarna-te-300-fe-350-fe-450-fe-501-2024\/#primaryimage\"},\"image\":{\"@id\":\"https:\/\/moto.andreanigroup.com\/en\/product\/amm-ohlins-ttx46-flow-dv-husqvarna-te-300-fe-350-fe-450-fe-501-2024\/#primaryimage\"},\"thumbnailUrl\":\"https:\/\/moto.andreanigroup.com\/wp-content\/uploads\/2026\/02\/DMX 0310img-00001367.jpg\",\"datePublished\":\"2023-11-14T00:20:32+00:00\",\"dateModified\":\"2026-02-25T21:31:17+00:00\",\"breadcrumb\":{\"@id\":\"https:\/\/moto.andreanigroup.com\/en\/product\/amm-ohlins-ttx46-flow-dv-husqvarna-te-300-fe-350-fe-450-fe-501-2024\/#breadcrumb\"},\"inLanguage\":\"en-US\",\"potentialAction\":[{\"@type\":\"ReadAction\",\"target\":[\"https:\/\/moto.andreanigroup.com\/en\/product\/amm-ohlins-ttx46-flow-dv-husqvarna-te-300-fe-350-fe-450-fe-501-2024\/\"]}]},{\"@type\":\"ImageObject\",\"inLanguage\":\"en-US\",\"@id\":\"https:\/\/moto.andreanigroup.com\/en\/product\/amm-ohlins-ttx46-flow-dv-husqvarna-te-300-fe-350-fe-450-fe-501-2024\/#primaryimage\",\"url\":\"https:\/\/moto.andreanigroup.com\/wp-content\/uploads\/2026\/02\/DMX 0310img-00001367.jpg\",\"contentUrl\":\"https:\/\/moto.andreanigroup.com\/wp-content\/uploads\/2026\/02\/DMX 0310img-00001367.jpg\",\"width\":452,\"height\":551},{\"@type\":\"BreadcrumbList\",\"@id\":\"https:\/\/moto.andreanigroup.com\/en\/product\/amm-ohlins-ttx46-flow-dv-husqvarna-te-300-fe-350-fe-450-fe-501-2024\/#breadcrumb\",\"itemListElement\":[{\"@type\":\"ListItem\",\"position\":1,\"name\":\"Home\",\"item\":\"https:\/\/moto.andreanigroup.com\/en\/\"},{\"@type\":\"ListItem\",\"position\":2,\"name\":\"Shop\",\"item\":\"https:\/\/moto.andreanigroup.com\/en\/shop-2\/\"},{\"@type\":\"ListItem\",\"position\":3,\"name\":\"Amm.OHLINS TTX46 Flow DV &#8211; Husqvarna TE 300, FE 350, FE 450, FE 501 2024\"}]},{\"@type\":\"WebSite\",\"@id\":\"https:\/\/moto.andreanigroup.com\/en\/#website\",\"url\":\"https:\/\/moto.andreanigroup.com\/en\/\",\"name\":\"Andreani moto\",\"description\":\"\",\"potentialAction\":[{\"@type\":\"SearchAction\",\"target\":{\"@type\":\"EntryPoint\",\"urlTemplate\":\"https:\/\/moto.andreanigroup.com\/en\/?s={search_term_string}\"},\"query-input\":{\"@type\":\"PropertyValueSpecification\",\"valueRequired\":true,\"valueName\":\"search_term_string\"}}],\"inLanguage\":\"en-US\"}]}<\/script>\n<!-- \/ Yoast SEO plugin. -->","yoast_head_json":{"title":"Amm.OHLINS TTX46 Flow DV - Husqvarna TE 300, FE 350, FE 450, FE 501 2024 - Andreani moto","robots":{"index":"index","follow":"follow","max-snippet":"max-snippet:-1","max-image-preview":"max-image-preview:large","max-video-preview":"max-video-preview:-1"},"canonical":"https:\/\/moto.andreanigroup.com\/en\/product\/amm-ohlins-ttx46-flow-dv-husqvarna-te-300-fe-350-fe-450-fe-501-2024\/","og_locale":"en_US","og_type":"article","og_title":"Amm.OHLINS TTX46 Flow DV - Husqvarna TE 300, FE 350, FE 450, FE 501 2024 - Andreani moto","og_description":"Il nuovo ammortizzatore TTX FLOW Double Valve, che si differenzia dal modello precedente per la possibilit\u00e0 di regolare sia le alte che le basse velocit\u00e0 di compressione con un nuovo registro brevettato \u00d6hlins, garantisce una migliore trazione e una capacit\u00e0 di copiare meglio gli avvallamenti e i terreni sconnessi, riuscendo a stressare meno il telaio. [&hellip;]","og_url":"https:\/\/moto.andreanigroup.com\/en\/product\/amm-ohlins-ttx46-flow-dv-husqvarna-te-300-fe-350-fe-450-fe-501-2024\/","og_site_name":"Andreani moto","article_modified_time":"2026-02-25T21:31:17+00:00","og_image":[{"width":452,"height":551,"url":"https:\/\/moto.andreanigroup.com\/wp-content\/uploads\/2026\/02\/DMX 0310img-00001367.jpg","type":"image\/jpeg"}],"twitter_card":"summary_large_image","twitter_misc":{"Est. reading time":"1 minute"},"schema":{"@context":"https:\/\/schema.org","@graph":[{"@type":"WebPage","@id":"https:\/\/moto.andreanigroup.com\/en\/product\/amm-ohlins-ttx46-flow-dv-husqvarna-te-300-fe-350-fe-450-fe-501-2024\/","url":"https:\/\/moto.andreanigroup.com\/en\/product\/amm-ohlins-ttx46-flow-dv-husqvarna-te-300-fe-350-fe-450-fe-501-2024\/","name":"Amm.OHLINS TTX46 Flow DV - Husqvarna TE 300, FE 350, FE 450, FE 501 2024 - Andreani moto","isPartOf":{"@id":"https:\/\/moto.andreanigroup.com\/en\/#website"},"primaryImageOfPage":{"@id":"https:\/\/moto.andreanigroup.com\/en\/product\/amm-ohlins-ttx46-flow-dv-husqvarna-te-300-fe-350-fe-450-fe-501-2024\/#primaryimage"},"image":{"@id":"https:\/\/moto.andreanigroup.com\/en\/product\/amm-ohlins-ttx46-flow-dv-husqvarna-te-300-fe-350-fe-450-fe-501-2024\/#primaryimage"},"thumbnailUrl":"https:\/\/moto.andreanigroup.com\/wp-content\/uploads\/2026\/02\/DMX 0310img-00001367.jpg","datePublished":"2023-11-14T00:20:32+00:00","dateModified":"2026-02-25T21:31:17+00:00","breadcrumb":{"@id":"https:\/\/moto.andreanigroup.com\/en\/product\/amm-ohlins-ttx46-flow-dv-husqvarna-te-300-fe-350-fe-450-fe-501-2024\/#breadcrumb"},"inLanguage":"en-US","potentialAction":[{"@type":"ReadAction","target":["https:\/\/moto.andreanigroup.com\/en\/product\/amm-ohlins-ttx46-flow-dv-husqvarna-te-300-fe-350-fe-450-fe-501-2024\/"]}]},{"@type":"ImageObject","inLanguage":"en-US","@id":"https:\/\/moto.andreanigroup.com\/en\/product\/amm-ohlins-ttx46-flow-dv-husqvarna-te-300-fe-350-fe-450-fe-501-2024\/#primaryimage","url":"https:\/\/moto.andreanigroup.com\/wp-content\/uploads\/2026\/02\/DMX 0310img-00001367.jpg","contentUrl":"https:\/\/moto.andreanigroup.com\/wp-content\/uploads\/2026\/02\/DMX 0310img-00001367.jpg","width":452,"height":551},{"@type":"BreadcrumbList","@id":"https:\/\/moto.andreanigroup.com\/en\/product\/amm-ohlins-ttx46-flow-dv-husqvarna-te-300-fe-350-fe-450-fe-501-2024\/#breadcrumb","itemListElement":[{"@type":"ListItem","position":1,"name":"Home","item":"https:\/\/moto.andreanigroup.com\/en\/"},{"@type":"ListItem","position":2,"name":"Shop","item":"https:\/\/moto.andreanigroup.com\/en\/shop-2\/"},{"@type":"ListItem","position":3,"name":"Amm.OHLINS TTX46 Flow DV &#8211; Husqvarna TE 300, FE 350, FE 450, FE 501 2024"}]},{"@type":"WebSite","@id":"https:\/\/moto.andreanigroup.com\/en\/#website","url":"https:\/\/moto.andreanigroup.com\/en\/","name":"Andreani moto","description":"","potentialAction":[{"@type":"SearchAction","target":{"@type":"EntryPoint","urlTemplate":"https:\/\/moto.andreanigroup.com\/en\/?s={search_term_string}"},"query-input":{"@type":"PropertyValueSpecification","valueRequired":true,"valueName":"search_term_string"}}],"inLanguage":"en-US"}]}},"_links":{"self":[{"href":"https:\/\/moto.andreanigroup.com\/en\/wp-json\/wp\/v2\/product\/253710","targetHints":{"allow":["GET"]}}],"collection":[{"href":"https:\/\/moto.andreanigroup.com\/en\/wp-json\/wp\/v2\/product"}],"about":[{"href":"https:\/\/moto.andreanigroup.com\/en\/wp-json\/wp\/v2\/types\/product"}],"wp:featuredmedia":[{"embeddable":true,"href":"https:\/\/moto.andreanigroup.com\/en\/wp-json\/wp\/v2\/media\/445474"}],"wp:attachment":[{"href":"https:\/\/moto.andreanigroup.com\/en\/wp-json\/wp\/v2\/media?parent=253710"}],"wp:term":[{"taxonomy":"product_cat","embeddable":true,"href":"https:\/\/moto.andreanigroup.com\/en\/wp-json\/wp\/v2\/product_cat?post=253710"},{"taxonomy":"product_tag","embeddable":true,"href":"https:\/\/moto.andreanigroup.com\/en\/wp-json\/wp\/v2\/product_tag?post=253710"}],"curies":[{"name":"wp","href":"https:\/\/api.w.org\/{rel}","templated":true}]}}