{"id":232829,"date":"2023-06-13T02:43:03","date_gmt":"2023-06-13T00:43:03","guid":{"rendered":"https:\/\/moto.andreanigroup.com\/product\/cartuccia-yamaha-yzf-r7-kayaba-ttx-fkr-3-set-molle-comprese\/"},"modified":"2026-01-17T17:25:58","modified_gmt":"2026-01-17T16:25:58","slug":"cartuccia-yamaha-yzf-r7-kayaba-ttx-fkr-3-set-molle-comprese","status":"publish","type":"product","link":"https:\/\/moto.andreanigroup.com\/en\/product\/cartuccia-yamaha-yzf-r7-kayaba-ttx-fkr-3-set-molle-comprese\/","title":{"rendered":"CARTUCCIA Yamaha YZF-R7 (Kayaba) TTX FKR 3 set molle comprese"},"content":{"rendered":"<div>Il kit cartuccia \u00d6hlins FKR presenta tecnologia derivata dalle gare Moto3, Moto2 e World Superbike sviluppata dagli ingegneri di \u00d6hlins in Svezia.<\/div>\n<div>La FKR \u00e8 progettata per i piloti che richiedono la massima prestazione dalla loro moto. \u00c8 disegnata per il massimo livello nelle classi Superstock e Supersport. Le principali caratteristiche includono un sistema di pressurizzazione a molla, rispetto al vecchio sistema di pressurizzazione a gas, la pressione a molla offre un design pi\u00f9 semplice e user-friendly, che rende anche la manutenzione e le modifiche di regolazione pi\u00f9 facili.<\/div>\n<div>Inoltre, fornisce una curva di prestazione pi\u00f9 coerente e permette un design pi\u00f9 compatto.<\/div>\n<div>&nbsp;<\/div>\n<div>Caratteristiche:<\/div>\n<div><font face=\"Cambria Math\">\u2981<\/font> Tecnologia TTX<\/div>\n<div><font face=\"Cambria Math\">\u2981<\/font> Si adatta a numerose applicazioni<\/div>\n<div><font face=\"Cambria Math\">\u2981<\/font> Manutenzione pi\u00f9 semplice<\/div>\n<div><font face=\"Cambria Math\">\u2981<\/font> Sistema di pressurizzazione a molla<\/div>\n<div><font face=\"Cambria Math\">\u2981<\/font> Tecnologia da Moto3, Moto2, e World Superbike<\/div>\n<div>Include 3 set di molle con diverso carico, soft, medium e hard.<\/div>\n","protected":false},"excerpt":{"rendered":"<p>Il kit cartuccia \u00d6hlins FKR presenta tecnologia derivata dalle gare Moto3, Moto2 e World Superbike sviluppata dagli ingegneri di \u00d6hlins in Svezia. La FKR \u00e8 progettata per i piloti che richiedono la massima prestazione dalla loro moto. \u00c8 disegnata per il massimo livello nelle classi Superstock e Supersport. Le principali caratteristiche includono un sistema di [&hellip;]<\/p>\n","protected":false},"featured_media":335949,"template":"","meta":{"inline_featured_image":false},"product_cat":[25],"product_tag":[70],"class_list":{"0":"post-232829","1":"product","2":"type-product","3":"status-publish","4":"has-post-thumbnail","6":"product_brand-ohlins","7":"product_cat-cartucce-forcella","8":"product_tag-ohlins","10":"first","11":"instock","12":"taxable","13":"shipping-taxable","14":"purchasable","15":"product-type-simple"},"yoast_head":"<!-- This site is optimized with the Yoast SEO plugin v27.0 - https:\/\/yoast.com\/product\/yoast-seo-wordpress\/ -->\n<title>CARTUCCIA Yamaha YZF-R7 (Kayaba) TTX FKR 3 set molle comprese - Andreani moto<\/title>\n<meta name=\"robots\" content=\"index, follow, max-snippet:-1, max-image-preview:large, max-video-preview:-1\" \/>\n<link rel=\"canonical\" href=\"https:\/\/moto.andreanigroup.com\/en\/product\/cartuccia-yamaha-yzf-r7-kayaba-ttx-fkr-3-set-molle-comprese\/\" \/>\n<meta property=\"og:locale\" content=\"en_US\" \/>\n<meta property=\"og:type\" content=\"article\" \/>\n<meta property=\"og:title\" content=\"CARTUCCIA Yamaha YZF-R7 (Kayaba) TTX FKR 3 set molle comprese - Andreani moto\" \/>\n<meta property=\"og:description\" content=\"Il kit cartuccia \u00d6hlins FKR presenta tecnologia derivata dalle gare Moto3, Moto2 e World Superbike sviluppata dagli ingegneri di \u00d6hlins in Svezia. La FKR \u00e8 progettata per i piloti che richiedono la massima prestazione dalla loro moto. \u00c8 disegnata per il massimo livello nelle classi Superstock e Supersport. Le principali caratteristiche includono un sistema di [&hellip;]\" \/>\n<meta property=\"og:url\" content=\"https:\/\/moto.andreanigroup.com\/en\/product\/cartuccia-yamaha-yzf-r7-kayaba-ttx-fkr-3-set-molle-comprese\/\" \/>\n<meta property=\"og:site_name\" content=\"Andreani moto\" \/>\n<meta property=\"article:modified_time\" content=\"2026-01-17T16:25:58+00:00\" \/>\n<meta property=\"og:image\" content=\"https:\/\/moto.andreanigroup.com\/wp-content\/uploads\/2024\/05\/FKR%20130img-00000264.jpg\" \/>\n\t<meta property=\"og:image:width\" content=\"900\" \/>\n\t<meta property=\"og:image:height\" content=\"581\" \/>\n\t<meta property=\"og:image:type\" content=\"image\/jpeg\" \/>\n<meta name=\"twitter:card\" content=\"summary_large_image\" \/>\n<meta name=\"twitter:label1\" content=\"Est. reading time\" \/>\n\t<meta name=\"twitter:data1\" content=\"1 minute\" \/>\n<script type=\"application\/ld+json\" class=\"yoast-schema-graph\">{\"@context\":\"https:\/\/schema.org\",\"@graph\":[{\"@type\":\"WebPage\",\"@id\":\"https:\/\/moto.andreanigroup.com\/en\/product\/cartuccia-yamaha-yzf-r7-kayaba-ttx-fkr-3-set-molle-comprese\/\",\"url\":\"https:\/\/moto.andreanigroup.com\/en\/product\/cartuccia-yamaha-yzf-r7-kayaba-ttx-fkr-3-set-molle-comprese\/\",\"name\":\"CARTUCCIA Yamaha YZF-R7 (Kayaba) TTX FKR 3 set molle comprese - Andreani moto\",\"isPartOf\":{\"@id\":\"https:\/\/moto.andreanigroup.com\/en\/#website\"},\"primaryImageOfPage\":{\"@id\":\"https:\/\/moto.andreanigroup.com\/en\/product\/cartuccia-yamaha-yzf-r7-kayaba-ttx-fkr-3-set-molle-comprese\/#primaryimage\"},\"image\":{\"@id\":\"https:\/\/moto.andreanigroup.com\/en\/product\/cartuccia-yamaha-yzf-r7-kayaba-ttx-fkr-3-set-molle-comprese\/#primaryimage\"},\"thumbnailUrl\":\"https:\/\/moto.andreanigroup.com\/wp-content\/uploads\/2024\/05\/FKR 130img-00000264.jpg\",\"datePublished\":\"2023-06-13T00:43:03+00:00\",\"dateModified\":\"2026-01-17T16:25:58+00:00\",\"breadcrumb\":{\"@id\":\"https:\/\/moto.andreanigroup.com\/en\/product\/cartuccia-yamaha-yzf-r7-kayaba-ttx-fkr-3-set-molle-comprese\/#breadcrumb\"},\"inLanguage\":\"en-US\",\"potentialAction\":[{\"@type\":\"ReadAction\",\"target\":[\"https:\/\/moto.andreanigroup.com\/en\/product\/cartuccia-yamaha-yzf-r7-kayaba-ttx-fkr-3-set-molle-comprese\/\"]}]},{\"@type\":\"ImageObject\",\"inLanguage\":\"en-US\",\"@id\":\"https:\/\/moto.andreanigroup.com\/en\/product\/cartuccia-yamaha-yzf-r7-kayaba-ttx-fkr-3-set-molle-comprese\/#primaryimage\",\"url\":\"https:\/\/moto.andreanigroup.com\/wp-content\/uploads\/2024\/05\/FKR 130img-00000264.jpg\",\"contentUrl\":\"https:\/\/moto.andreanigroup.com\/wp-content\/uploads\/2024\/05\/FKR 130img-00000264.jpg\",\"width\":900,\"height\":581},{\"@type\":\"BreadcrumbList\",\"@id\":\"https:\/\/moto.andreanigroup.com\/en\/product\/cartuccia-yamaha-yzf-r7-kayaba-ttx-fkr-3-set-molle-comprese\/#breadcrumb\",\"itemListElement\":[{\"@type\":\"ListItem\",\"position\":1,\"name\":\"Home\",\"item\":\"https:\/\/moto.andreanigroup.com\/en\/\"},{\"@type\":\"ListItem\",\"position\":2,\"name\":\"Shop\",\"item\":\"https:\/\/moto.andreanigroup.com\/en\/shop-2\/\"},{\"@type\":\"ListItem\",\"position\":3,\"name\":\"CARTUCCIA Yamaha YZF-R7 (Kayaba) TTX FKR 3 set molle comprese\"}]},{\"@type\":\"WebSite\",\"@id\":\"https:\/\/moto.andreanigroup.com\/en\/#website\",\"url\":\"https:\/\/moto.andreanigroup.com\/en\/\",\"name\":\"Andreani moto\",\"description\":\"\",\"potentialAction\":[{\"@type\":\"SearchAction\",\"target\":{\"@type\":\"EntryPoint\",\"urlTemplate\":\"https:\/\/moto.andreanigroup.com\/en\/?s={search_term_string}\"},\"query-input\":{\"@type\":\"PropertyValueSpecification\",\"valueRequired\":true,\"valueName\":\"search_term_string\"}}],\"inLanguage\":\"en-US\"}]}<\/script>\n<!-- \/ Yoast SEO plugin. -->","yoast_head_json":{"title":"CARTUCCIA Yamaha YZF-R7 (Kayaba) TTX FKR 3 set molle comprese - Andreani moto","robots":{"index":"index","follow":"follow","max-snippet":"max-snippet:-1","max-image-preview":"max-image-preview:large","max-video-preview":"max-video-preview:-1"},"canonical":"https:\/\/moto.andreanigroup.com\/en\/product\/cartuccia-yamaha-yzf-r7-kayaba-ttx-fkr-3-set-molle-comprese\/","og_locale":"en_US","og_type":"article","og_title":"CARTUCCIA Yamaha YZF-R7 (Kayaba) TTX FKR 3 set molle comprese - Andreani moto","og_description":"Il kit cartuccia \u00d6hlins FKR presenta tecnologia derivata dalle gare Moto3, Moto2 e World Superbike sviluppata dagli ingegneri di \u00d6hlins in Svezia. La FKR \u00e8 progettata per i piloti che richiedono la massima prestazione dalla loro moto. \u00c8 disegnata per il massimo livello nelle classi Superstock e Supersport. Le principali caratteristiche includono un sistema di [&hellip;]","og_url":"https:\/\/moto.andreanigroup.com\/en\/product\/cartuccia-yamaha-yzf-r7-kayaba-ttx-fkr-3-set-molle-comprese\/","og_site_name":"Andreani moto","article_modified_time":"2026-01-17T16:25:58+00:00","og_image":[{"width":900,"height":581,"url":"https:\/\/moto.andreanigroup.com\/wp-content\/uploads\/2024\/05\/FKR 130img-00000264.jpg","type":"image\/jpeg"}],"twitter_card":"summary_large_image","twitter_misc":{"Est. reading time":"1 minute"},"schema":{"@context":"https:\/\/schema.org","@graph":[{"@type":"WebPage","@id":"https:\/\/moto.andreanigroup.com\/en\/product\/cartuccia-yamaha-yzf-r7-kayaba-ttx-fkr-3-set-molle-comprese\/","url":"https:\/\/moto.andreanigroup.com\/en\/product\/cartuccia-yamaha-yzf-r7-kayaba-ttx-fkr-3-set-molle-comprese\/","name":"CARTUCCIA Yamaha YZF-R7 (Kayaba) TTX FKR 3 set molle comprese - Andreani moto","isPartOf":{"@id":"https:\/\/moto.andreanigroup.com\/en\/#website"},"primaryImageOfPage":{"@id":"https:\/\/moto.andreanigroup.com\/en\/product\/cartuccia-yamaha-yzf-r7-kayaba-ttx-fkr-3-set-molle-comprese\/#primaryimage"},"image":{"@id":"https:\/\/moto.andreanigroup.com\/en\/product\/cartuccia-yamaha-yzf-r7-kayaba-ttx-fkr-3-set-molle-comprese\/#primaryimage"},"thumbnailUrl":"https:\/\/moto.andreanigroup.com\/wp-content\/uploads\/2024\/05\/FKR 130img-00000264.jpg","datePublished":"2023-06-13T00:43:03+00:00","dateModified":"2026-01-17T16:25:58+00:00","breadcrumb":{"@id":"https:\/\/moto.andreanigroup.com\/en\/product\/cartuccia-yamaha-yzf-r7-kayaba-ttx-fkr-3-set-molle-comprese\/#breadcrumb"},"inLanguage":"en-US","potentialAction":[{"@type":"ReadAction","target":["https:\/\/moto.andreanigroup.com\/en\/product\/cartuccia-yamaha-yzf-r7-kayaba-ttx-fkr-3-set-molle-comprese\/"]}]},{"@type":"ImageObject","inLanguage":"en-US","@id":"https:\/\/moto.andreanigroup.com\/en\/product\/cartuccia-yamaha-yzf-r7-kayaba-ttx-fkr-3-set-molle-comprese\/#primaryimage","url":"https:\/\/moto.andreanigroup.com\/wp-content\/uploads\/2024\/05\/FKR 130img-00000264.jpg","contentUrl":"https:\/\/moto.andreanigroup.com\/wp-content\/uploads\/2024\/05\/FKR 130img-00000264.jpg","width":900,"height":581},{"@type":"BreadcrumbList","@id":"https:\/\/moto.andreanigroup.com\/en\/product\/cartuccia-yamaha-yzf-r7-kayaba-ttx-fkr-3-set-molle-comprese\/#breadcrumb","itemListElement":[{"@type":"ListItem","position":1,"name":"Home","item":"https:\/\/moto.andreanigroup.com\/en\/"},{"@type":"ListItem","position":2,"name":"Shop","item":"https:\/\/moto.andreanigroup.com\/en\/shop-2\/"},{"@type":"ListItem","position":3,"name":"CARTUCCIA Yamaha YZF-R7 (Kayaba) TTX FKR 3 set molle comprese"}]},{"@type":"WebSite","@id":"https:\/\/moto.andreanigroup.com\/en\/#website","url":"https:\/\/moto.andreanigroup.com\/en\/","name":"Andreani moto","description":"","potentialAction":[{"@type":"SearchAction","target":{"@type":"EntryPoint","urlTemplate":"https:\/\/moto.andreanigroup.com\/en\/?s={search_term_string}"},"query-input":{"@type":"PropertyValueSpecification","valueRequired":true,"valueName":"search_term_string"}}],"inLanguage":"en-US"}]}},"_links":{"self":[{"href":"https:\/\/moto.andreanigroup.com\/en\/wp-json\/wp\/v2\/product\/232829","targetHints":{"allow":["GET"]}}],"collection":[{"href":"https:\/\/moto.andreanigroup.com\/en\/wp-json\/wp\/v2\/product"}],"about":[{"href":"https:\/\/moto.andreanigroup.com\/en\/wp-json\/wp\/v2\/types\/product"}],"wp:featuredmedia":[{"embeddable":true,"href":"https:\/\/moto.andreanigroup.com\/en\/wp-json\/wp\/v2\/media\/335949"}],"wp:attachment":[{"href":"https:\/\/moto.andreanigroup.com\/en\/wp-json\/wp\/v2\/media?parent=232829"}],"wp:term":[{"taxonomy":"product_cat","embeddable":true,"href":"https:\/\/moto.andreanigroup.com\/en\/wp-json\/wp\/v2\/product_cat?post=232829"},{"taxonomy":"product_tag","embeddable":true,"href":"https:\/\/moto.andreanigroup.com\/en\/wp-json\/wp\/v2\/product_tag?post=232829"}],"curies":[{"name":"wp","href":"https:\/\/api.w.org\/{rel}","templated":true}]}}